{"id":732,"date":"2022-04-06T17:50:35","date_gmt":"2022-04-06T15:50:35","guid":{"rendered":"http:\/\/eshop.raffaelart.cz\/?post_type=product&#038;p=732"},"modified":"2022-04-27T10:26:58","modified_gmt":"2022-04-27T08:26:58","slug":"kairo-easy-dverni-stitek-150-bily-ramecek","status":"publish","type":"product","link":"http:\/\/eshop.raffaelart.cz\/index.php\/produkt\/kairo-easy-dverni-stitek-150-bily-ramecek\/","title":{"rendered":"Kairo EASY, Dve\u0159n\u00ed \u0161t\u00edtek 150, b\u00edl\u00fd r\u00e1me\u010dek, cena za kus 158,34 K\u010d bez DPH"},"content":{"rendered":"","protected":false},"excerpt":{"rendered":"<p>KAIRO Easy Dve\u0159n\u00ed \u0161t\u00edtek 150<br \/>\n\u2022 Samolep\u00edc\u00ed<br \/>\n\u2022 Form\u00e1t: 149,5 x 149,5 mm<br \/>\n\u2022 Pap\u00edrov\u00e1 vlo\u017eka pro tisk 147,5 x 147,5 mm<br \/>\n\u2022 Z\u00e1kladn\u00ed deska z barevn\u00e9ho ABS<br \/>\n\u2022 Barva: b\u00edl\u00e1<br \/>\n\u2022 Antireflexn\u00ed kryt<br \/>\n\u2022 1 p\u0159\u00edsavka na jedno balen\u00ed<br \/>\n\u2022 Jedno balen\u00ed = 5 kus\u016f<br \/>\n\u2022 Cena za kus 158,34 bez DPH<br \/>\nCena za 1 balen\u00ed<br \/>\nUveden\u00e1 cena v\u010d. DPH (cena bez DPH 791,74 K\u010d)<\/p>\n","protected":false},"featured_media":724,"comment_status":"open","ping_status":"closed","template":"","meta":[],"product_cat":[30],"product_tag":[],"_links":{"self":[{"href":"http:\/\/eshop.raffaelart.cz\/index.php\/wp-json\/wp\/v2\/product\/732"}],"collection":[{"href":"http:\/\/eshop.raffaelart.cz\/index.php\/wp-json\/wp\/v2\/product"}],"about":[{"href":"http:\/\/eshop.raffaelart.cz\/index.php\/wp-json\/wp\/v2\/types\/product"}],"replies":[{"embeddable":true,"href":"http:\/\/eshop.raffaelart.cz\/index.php\/wp-json\/wp\/v2\/comments?post=732"}],"wp:featuredmedia":[{"embeddable":true,"href":"http:\/\/eshop.raffaelart.cz\/index.php\/wp-json\/wp\/v2\/media\/724"}],"wp:attachment":[{"href":"http:\/\/eshop.raffaelart.cz\/index.php\/wp-json\/wp\/v2\/media?parent=732"}],"wp:term":[{"taxonomy":"product_cat","embeddable":true,"href":"http:\/\/eshop.raffaelart.cz\/index.php\/wp-json\/wp\/v2\/product_cat?post=732"},{"taxonomy":"product_tag","embeddable":true,"href":"http:\/\/eshop.raffaelart.cz\/index.php\/wp-json\/wp\/v2\/product_tag?post=732"}],"curies":[{"name":"wp","href":"https:\/\/api.w.org\/{rel}","templated":true}]}}