{"id":534,"date":"2020-05-29T23:20:49","date_gmt":"2020-05-29T21:20:49","guid":{"rendered":"http:\/\/eshop.raffaelart.cz\/?post_type=product&#038;p=534"},"modified":"2022-03-08T12:07:27","modified_gmt":"2022-03-08T11:07:27","slug":"lankova-svorka-lisovaci","status":"publish","type":"product","link":"http:\/\/eshop.raffaelart.cz\/index.php\/produkt\/lankova-svorka-lisovaci\/","title":{"rendered":"Lankov\u00e1 svorka lisovac\u00ed"},"content":{"rendered":"","protected":false},"excerpt":{"rendered":"<p>Lankov\u00e1 svorka lisovac\u00ed<\/p>\n<p>Balen\u00ed 10 ks<br \/>\nUveden\u00e1 cena v\u010d. DPH (cena bez DPH 92,57)<br \/>\nOd 1 balen\u00ed<\/p>\n","protected":false},"featured_media":535,"comment_status":"open","ping_status":"closed","template":"","meta":[],"product_cat":[17],"product_tag":[],"_links":{"self":[{"href":"http:\/\/eshop.raffaelart.cz\/index.php\/wp-json\/wp\/v2\/product\/534"}],"collection":[{"href":"http:\/\/eshop.raffaelart.cz\/index.php\/wp-json\/wp\/v2\/product"}],"about":[{"href":"http:\/\/eshop.raffaelart.cz\/index.php\/wp-json\/wp\/v2\/types\/product"}],"replies":[{"embeddable":true,"href":"http:\/\/eshop.raffaelart.cz\/index.php\/wp-json\/wp\/v2\/comments?post=534"}],"wp:featuredmedia":[{"embeddable":true,"href":"http:\/\/eshop.raffaelart.cz\/index.php\/wp-json\/wp\/v2\/media\/535"}],"wp:attachment":[{"href":"http:\/\/eshop.raffaelart.cz\/index.php\/wp-json\/wp\/v2\/media?parent=534"}],"wp:term":[{"taxonomy":"product_cat","embeddable":true,"href":"http:\/\/eshop.raffaelart.cz\/index.php\/wp-json\/wp\/v2\/product_cat?post=534"},{"taxonomy":"product_tag","embeddable":true,"href":"http:\/\/eshop.raffaelart.cz\/index.php\/wp-json\/wp\/v2\/product_tag?post=534"}],"curies":[{"name":"wp","href":"https:\/\/api.w.org\/{rel}","templated":true}]}}