{"id":408,"date":"2020-05-14T10:16:16","date_gmt":"2020-05-14T08:16:16","guid":{"rendered":"http:\/\/eshop.raffaelart.cz\/?post_type=product&#038;p=408"},"modified":"2022-02-01T19:29:29","modified_gmt":"2022-02-01T18:29:29","slug":"sydney-rozcestnik-a3-na-vysku","status":"publish","type":"product","link":"http:\/\/eshop.raffaelart.cz\/index.php\/produkt\/sydney-rozcestnik-a3-na-vysku\/","title":{"rendered":"Sydney, rozcestn\u00edk A3 na v\u00fd\u0161ku"},"content":{"rendered":"","protected":false},"excerpt":{"rendered":"<p>SYDNEY<\/p>\n<p>Form\u00e1t: 420 x 320 mm<br \/>\nSt\u0159\u00edbrn\u00fd Al elox<br \/>\nViditeln\u00e1 plocha 420 x 287 mm<br \/>\nAntireflexn\u00ed PVC kryt (t\u0159\u00edda po\u017e\u00e1ru B1)<br \/>\nUveden\u00e1 cena v\u010d. DPH (cena bez DPH 1447,11)<br \/>\nOd 1 ks<\/p>\n","protected":false},"featured_media":402,"comment_status":"open","ping_status":"closed","template":"","meta":[],"product_cat":[15],"product_tag":[],"_links":{"self":[{"href":"http:\/\/eshop.raffaelart.cz\/index.php\/wp-json\/wp\/v2\/product\/408"}],"collection":[{"href":"http:\/\/eshop.raffaelart.cz\/index.php\/wp-json\/wp\/v2\/product"}],"about":[{"href":"http:\/\/eshop.raffaelart.cz\/index.php\/wp-json\/wp\/v2\/types\/product"}],"replies":[{"embeddable":true,"href":"http:\/\/eshop.raffaelart.cz\/index.php\/wp-json\/wp\/v2\/comments?post=408"}],"wp:featuredmedia":[{"embeddable":true,"href":"http:\/\/eshop.raffaelart.cz\/index.php\/wp-json\/wp\/v2\/media\/402"}],"wp:attachment":[{"href":"http:\/\/eshop.raffaelart.cz\/index.php\/wp-json\/wp\/v2\/media?parent=408"}],"wp:term":[{"taxonomy":"product_cat","embeddable":true,"href":"http:\/\/eshop.raffaelart.cz\/index.php\/wp-json\/wp\/v2\/product_cat?post=408"},{"taxonomy":"product_tag","embeddable":true,"href":"http:\/\/eshop.raffaelart.cz\/index.php\/wp-json\/wp\/v2\/product_tag?post=408"}],"curies":[{"name":"wp","href":"https:\/\/api.w.org\/{rel}","templated":true}]}}