{"id":407,"date":"2020-05-14T10:15:01","date_gmt":"2020-05-14T08:15:01","guid":{"rendered":"http:\/\/eshop.raffaelart.cz\/?post_type=product&#038;p=407"},"modified":"2022-02-01T19:24:06","modified_gmt":"2022-02-01T18:24:06","slug":"sydney-rozcestnik-a4-na-sirku","status":"publish","type":"product","link":"http:\/\/eshop.raffaelart.cz\/index.php\/produkt\/sydney-rozcestnik-a4-na-sirku\/","title":{"rendered":"Sydney, rozcestn\u00edk A4 na \u0161\u00ed\u0159ku"},"content":{"rendered":"","protected":false},"excerpt":{"rendered":"<p>SYDNEY<\/p>\n<p>Form\u00e1t: 210 x 320 mm<br \/>\nSt\u0159\u00edbrn\u00fd Al elox<br \/>\nViditeln\u00e1 plocha 210 x 287 mm<br \/>\nAntireflexn\u00ed PVC kryt (t\u0159\u00edda po\u017e\u00e1ru B1)<br \/>\nUveden\u00e1 cena v\u010d. DPH (cena bez DPH 1153,72)<br \/>\nOd 1 ks<\/p>\n","protected":false},"featured_media":403,"comment_status":"open","ping_status":"closed","template":"","meta":[],"product_cat":[15],"product_tag":[],"_links":{"self":[{"href":"http:\/\/eshop.raffaelart.cz\/index.php\/wp-json\/wp\/v2\/product\/407"}],"collection":[{"href":"http:\/\/eshop.raffaelart.cz\/index.php\/wp-json\/wp\/v2\/product"}],"about":[{"href":"http:\/\/eshop.raffaelart.cz\/index.php\/wp-json\/wp\/v2\/types\/product"}],"replies":[{"embeddable":true,"href":"http:\/\/eshop.raffaelart.cz\/index.php\/wp-json\/wp\/v2\/comments?post=407"}],"wp:featuredmedia":[{"embeddable":true,"href":"http:\/\/eshop.raffaelart.cz\/index.php\/wp-json\/wp\/v2\/media\/403"}],"wp:attachment":[{"href":"http:\/\/eshop.raffaelart.cz\/index.php\/wp-json\/wp\/v2\/media?parent=407"}],"wp:term":[{"taxonomy":"product_cat","embeddable":true,"href":"http:\/\/eshop.raffaelart.cz\/index.php\/wp-json\/wp\/v2\/product_cat?post=407"},{"taxonomy":"product_tag","embeddable":true,"href":"http:\/\/eshop.raffaelart.cz\/index.php\/wp-json\/wp\/v2\/product_tag?post=407"}],"curies":[{"name":"wp","href":"https:\/\/api.w.org\/{rel}","templated":true}]}}