{"id":406,"date":"2020-05-14T10:00:10","date_gmt":"2020-05-14T08:00:10","guid":{"rendered":"http:\/\/eshop.raffaelart.cz\/?post_type=product&#038;p=406"},"modified":"2022-02-01T19:19:08","modified_gmt":"2022-02-01T18:19:08","slug":"sydney-rozcestnik-a4","status":"publish","type":"product","link":"http:\/\/eshop.raffaelart.cz\/index.php\/produkt\/sydney-rozcestnik-a4\/","title":{"rendered":"Sydney rozcestn\u00edk A4 na v\u00fd\u0161ku"},"content":{"rendered":"","protected":false},"excerpt":{"rendered":"<p>SYDNEY<\/p>\n<p> \tForm\u00e1t: 297 x 233 mm<br \/>\n \tSt\u0159\u00edbrn\u00fd Al elox<br \/>\n \tViditeln\u00e1 plocha 297 x 200 mm<br \/>\n \tAntireflexn\u00ed PVC kryt (t\u0159\u00edda po\u017e\u00e1ru B1)<br \/>\n \tUveden\u00e1 cena v\u010d. DPH (cena bez DPH 965,29)<br \/>\n \tOd 1 ks<\/p>\n","protected":false},"featured_media":404,"comment_status":"open","ping_status":"closed","template":"","meta":[],"product_cat":[15],"product_tag":[],"_links":{"self":[{"href":"http:\/\/eshop.raffaelart.cz\/index.php\/wp-json\/wp\/v2\/product\/406"}],"collection":[{"href":"http:\/\/eshop.raffaelart.cz\/index.php\/wp-json\/wp\/v2\/product"}],"about":[{"href":"http:\/\/eshop.raffaelart.cz\/index.php\/wp-json\/wp\/v2\/types\/product"}],"replies":[{"embeddable":true,"href":"http:\/\/eshop.raffaelart.cz\/index.php\/wp-json\/wp\/v2\/comments?post=406"}],"wp:featuredmedia":[{"embeddable":true,"href":"http:\/\/eshop.raffaelart.cz\/index.php\/wp-json\/wp\/v2\/media\/404"}],"wp:attachment":[{"href":"http:\/\/eshop.raffaelart.cz\/index.php\/wp-json\/wp\/v2\/media?parent=406"}],"wp:term":[{"taxonomy":"product_cat","embeddable":true,"href":"http:\/\/eshop.raffaelart.cz\/index.php\/wp-json\/wp\/v2\/product_cat?post=406"},{"taxonomy":"product_tag","embeddable":true,"href":"http:\/\/eshop.raffaelart.cz\/index.php\/wp-json\/wp\/v2\/product_tag?post=406"}],"curies":[{"name":"wp","href":"https:\/\/api.w.org\/{rel}","templated":true}]}}