{"id":375,"date":"2020-02-26T11:46:16","date_gmt":"2020-02-26T10:46:16","guid":{"rendered":"http:\/\/eshop.raffaelart.cz\/?post_type=product&#038;p=375"},"modified":"2022-03-08T13:57:02","modified_gmt":"2022-03-08T12:57:02","slug":"v","status":"publish","type":"product","link":"http:\/\/eshop.raffaelart.cz\/index.php\/produkt\/v\/","title":{"rendered":"Vymezovac\u00ed \u00fachyt, nerez ocel V2A, pr\u016fm. 22 mm, vzd\u00e1lenost od zdi 15 mm"},"content":{"rendered":"","protected":false},"excerpt":{"rendered":"<p>Nerezov\u00e1 ocel \u00a0V2A<\/p>\n<p>Pro mont\u00e1\u017e na ze\u010f, vzd\u00e1lenost od zdi 15 mm<\/li>\n<p>Pr\u016fm\u011br viditeln\u00e9 hlavy 22 mm<\/li>\n<p>Pro tlou\u0161\u0165ku skla 6 a\u017e 8 mm<\/li>\n<p>Pr\u016fm\u011br otvoru skla 10 mm<\/li>\n<p>V\u010detn\u011b ochrann\u00fdch podlo\u017eek<\/li>\n<p>V\u010detn\u011b vhodn\u00e9ho po\u010dtu imbus kl\u00ed\u010d\u016f<\/p>\n<p>Uveden\u00e1 cena v\u010d. DPH (cena bez DPH 147,94 K\u010d)<\/p>\n","protected":false},"featured_media":363,"comment_status":"open","ping_status":"closed","template":"","meta":[],"product_cat":[14],"product_tag":[],"_links":{"self":[{"href":"http:\/\/eshop.raffaelart.cz\/index.php\/wp-json\/wp\/v2\/product\/375"}],"collection":[{"href":"http:\/\/eshop.raffaelart.cz\/index.php\/wp-json\/wp\/v2\/product"}],"about":[{"href":"http:\/\/eshop.raffaelart.cz\/index.php\/wp-json\/wp\/v2\/types\/product"}],"replies":[{"embeddable":true,"href":"http:\/\/eshop.raffaelart.cz\/index.php\/wp-json\/wp\/v2\/comments?post=375"}],"wp:featuredmedia":[{"embeddable":true,"href":"http:\/\/eshop.raffaelart.cz\/index.php\/wp-json\/wp\/v2\/media\/363"}],"wp:attachment":[{"href":"http:\/\/eshop.raffaelart.cz\/index.php\/wp-json\/wp\/v2\/media?parent=375"}],"wp:term":[{"taxonomy":"product_cat","embeddable":true,"href":"http:\/\/eshop.raffaelart.cz\/index.php\/wp-json\/wp\/v2\/product_cat?post=375"},{"taxonomy":"product_tag","embeddable":true,"href":"http:\/\/eshop.raffaelart.cz\/index.php\/wp-json\/wp\/v2\/product_tag?post=375"}],"curies":[{"name":"wp","href":"https:\/\/api.w.org\/{rel}","templated":true}]}}