{"id":358,"date":"2020-02-24T17:48:47","date_gmt":"2020-02-24T16:48:47","guid":{"rendered":"http:\/\/eshop.raffaelart.cz\/?post_type=product&#038;p=358"},"modified":"2022-03-08T14:09:25","modified_gmt":"2022-03-08T13:09:25","slug":"vymezovaci-uchyt","status":"publish","type":"product","link":"http:\/\/eshop.raffaelart.cz\/index.php\/produkt\/vymezovaci-uchyt\/","title":{"rendered":"Vymezovac\u00ed \u00fachyt pro sklo bez vrt\u00e1n\u00ed otvor\u016f, skladem do vyprod\u00e1n\u00ed z\u00e1sob"},"content":{"rendered":"","protected":false},"excerpt":{"rendered":"<p>Dr\u017e\u00e1k &#8211; svorka z nerezov\u00e9 oceli V2A<\/p>\n<p>Vn\u011bj\u0161\u00ed pr\u016fm\u011br 14 mm<br \/>\nVzd\u00e1lenost od st\u011bny 15 mm<br \/>\nPro tlou\u0161\u0165ku materi\u00e1lu 8 mm<br \/>\nUveden\u00e1 cena v\u010d. DPH (cena bez DPH 89,26 K\u010d)<\/p>\n","protected":false},"featured_media":382,"comment_status":"open","ping_status":"closed","template":"","meta":[],"product_cat":[14],"product_tag":[],"_links":{"self":[{"href":"http:\/\/eshop.raffaelart.cz\/index.php\/wp-json\/wp\/v2\/product\/358"}],"collection":[{"href":"http:\/\/eshop.raffaelart.cz\/index.php\/wp-json\/wp\/v2\/product"}],"about":[{"href":"http:\/\/eshop.raffaelart.cz\/index.php\/wp-json\/wp\/v2\/types\/product"}],"replies":[{"embeddable":true,"href":"http:\/\/eshop.raffaelart.cz\/index.php\/wp-json\/wp\/v2\/comments?post=358"}],"wp:featuredmedia":[{"embeddable":true,"href":"http:\/\/eshop.raffaelart.cz\/index.php\/wp-json\/wp\/v2\/media\/382"}],"wp:attachment":[{"href":"http:\/\/eshop.raffaelart.cz\/index.php\/wp-json\/wp\/v2\/media?parent=358"}],"wp:term":[{"taxonomy":"product_cat","embeddable":true,"href":"http:\/\/eshop.raffaelart.cz\/index.php\/wp-json\/wp\/v2\/product_cat?post=358"},{"taxonomy":"product_tag","embeddable":true,"href":"http:\/\/eshop.raffaelart.cz\/index.php\/wp-json\/wp\/v2\/product_tag?post=358"}],"curies":[{"name":"wp","href":"https:\/\/api.w.org\/{rel}","templated":true}]}}