{"id":339,"date":"2020-02-05T18:47:26","date_gmt":"2020-02-05T17:47:26","guid":{"rendered":"http:\/\/eshop.raffaelart.cz\/?post_type=product&#038;p=339"},"modified":"2022-01-25T18:36:03","modified_gmt":"2022-01-25T17:36:03","slug":"madrid-din-a1-na-vysku","status":"publish","type":"product","link":"http:\/\/eshop.raffaelart.cz\/index.php\/produkt\/madrid-din-a1-na-vysku\/","title":{"rendered":"Madrid DIN A1 na v\u00fd\u0161ku"},"content":{"rendered":"","protected":false},"excerpt":{"rendered":"<p>Tabule MADRID St\u0159\u00edbrn\u00fd Al elox<\/p>\n<p>\u2022 Pro \u0161roubov\u00e1n\u00ed nebo lepen\u00ed<br \/>\n\u2022 Vn\u011bj\u0161\u00ed rozm\u011br: 844,5 x 596,5 mm<br \/>\n\u2022 Viditeln\u00e1 plocha: 838 x 590 mm<br \/>\n\u2022\u00a0Pap\u00edrov\u00e1 vlo\u017eka pro tisk: 841,5 x 593,5 mm<br \/>\n\u2022 R\u00e1me\u010dek st\u0159\u00edbrn\u00fd Al elox, hloubka: 6 mm<br \/>\n\u2022 Zadn\u00ed st\u011bna: st\u0159\u00edbrn\u00e1, s otvory<br \/>\n\u2022 Antireflexn\u00ed kryt (t\u0159\u00edda po\u017e\u00e1ru B1)<br \/>\n\u2022 Sm\u011br otev\u00edr\u00e1n\u00ed: horn\u00ed krat\u0161\u00ed strana<br \/>\nUveden\u00e1 cena v\u010d. DPH (cena bez DPH 3 161,98 K\u010d)<\/p>\n","protected":false},"featured_media":332,"comment_status":"open","ping_status":"closed","template":"","meta":[],"product_cat":[13],"product_tag":[],"_links":{"self":[{"href":"http:\/\/eshop.raffaelart.cz\/index.php\/wp-json\/wp\/v2\/product\/339"}],"collection":[{"href":"http:\/\/eshop.raffaelart.cz\/index.php\/wp-json\/wp\/v2\/product"}],"about":[{"href":"http:\/\/eshop.raffaelart.cz\/index.php\/wp-json\/wp\/v2\/types\/product"}],"replies":[{"embeddable":true,"href":"http:\/\/eshop.raffaelart.cz\/index.php\/wp-json\/wp\/v2\/comments?post=339"}],"wp:featuredmedia":[{"embeddable":true,"href":"http:\/\/eshop.raffaelart.cz\/index.php\/wp-json\/wp\/v2\/media\/332"}],"wp:attachment":[{"href":"http:\/\/eshop.raffaelart.cz\/index.php\/wp-json\/wp\/v2\/media?parent=339"}],"wp:term":[{"taxonomy":"product_cat","embeddable":true,"href":"http:\/\/eshop.raffaelart.cz\/index.php\/wp-json\/wp\/v2\/product_cat?post=339"},{"taxonomy":"product_tag","embeddable":true,"href":"http:\/\/eshop.raffaelart.cz\/index.php\/wp-json\/wp\/v2\/product_tag?post=339"}],"curies":[{"name":"wp","href":"https:\/\/api.w.org\/{rel}","templated":true}]}}