{"id":321,"date":"2020-02-04T19:12:17","date_gmt":"2020-02-04T18:12:17","guid":{"rendered":"http:\/\/eshop.raffaelart.cz\/?post_type=product&#038;p=321"},"modified":"2022-01-25T19:02:53","modified_gmt":"2022-01-25T18:02:53","slug":"madrid-smernik-2","status":"publish","type":"product","link":"http:\/\/eshop.raffaelart.cz\/index.php\/produkt\/madrid-smernik-2\/","title":{"rendered":"Madrid sm\u011brn\u00edk 2"},"content":{"rendered":"","protected":false},"excerpt":{"rendered":"<p>Dve\u0159n\u00ed \u0161t\u00edtek MADRID St\u0159\u00edbrn\u00fd Al elox\u00a0na \u0161\u00ed\u0159ku \u00a0 \u00a0 \u00a0 \u00a0 \u00a0 \u00a0 \u00a0 \u00a0 \u00a0 \u00a0 \u00a0 \u00a0 \u00a0 \u00a0 \u00a0 \u00a0 \u00a0 \u00a0 \u00a0 \u00a0 \u00a0 \u00a0 \u00a0 \u00a0 \u00a0 \u00a0 \u00a0 \u00a0 \u00a0 \u00a0 \u00a0 \u00a0 \u00a0 \u00a0 \u00a0 \u00a0 \u00a0 \u00a0 \u00a0 \u00a0 \u00a0 \u00a0 \u00a0 \u00a0 \u00a0 \u00a0 \u00a0 \u00a0 \u00a0 \u00a0 \u00a0 \u00a0 \u00a0 \u00a0 \u00a0 \u00a0 \u00a0 \u00a0 \u00a0 \u00a0 \u00a0 \u00a0 \u00a0 \u00a0 \u00a0 \u00a0 \u00a0 \u00a0 \u00a0 \u00a0 \u00a0 \u00a0 \u00a0 \u00a0 \u00a0 \u00a0 \u00a0 \u00a0 \u00a0 \u00a0 \u00a0 \u00a0 \u00a0 \u00a0 \u00a0 \u00a0 \u00a0 \u00a0 \u00a0<br \/>\n\u2022 Pro \u0161roubov\u00e1n\u00ed nebo lepen\u00ed<br \/>\n\u2022 Vn\u011bj\u0161\u00ed rozm\u011br: 150,5 x 422,5 mm<br \/>\n\u2022 Viditeln\u00e1 plocha: 144 x 416 mm<br \/>\n\u2022 Pap\u00edrov\u00e1 vlo\u017eka pro tisk: 147,5 x 419,5 mm<br \/>\n\u2022 R\u00e1me\u010dek st\u0159\u00edbrn\u00fd Al elox, hloubka: 6 mm<br \/>\n\u2022 Zadn\u00ed st\u011bna: st\u0159\u00edbrn\u00e1, s otvory<br \/>\n\u2022 Antireflexn\u00ed kryt (t\u0159\u00edda po\u017e\u00e1ru B1)<br \/>\n\u2022 Sm\u011br otev\u00edr\u00e1n\u00ed: horn\u00ed del\u0161\u00ed strana (422,5)<br \/>\nUveden\u00e1 cena v\u010d. DPH (cena bez DPH 965,29 K\u010d)<\/p>\n","protected":false},"featured_media":324,"comment_status":"open","ping_status":"closed","template":"","meta":[],"product_cat":[13],"product_tag":[],"_links":{"self":[{"href":"http:\/\/eshop.raffaelart.cz\/index.php\/wp-json\/wp\/v2\/product\/321"}],"collection":[{"href":"http:\/\/eshop.raffaelart.cz\/index.php\/wp-json\/wp\/v2\/product"}],"about":[{"href":"http:\/\/eshop.raffaelart.cz\/index.php\/wp-json\/wp\/v2\/types\/product"}],"replies":[{"embeddable":true,"href":"http:\/\/eshop.raffaelart.cz\/index.php\/wp-json\/wp\/v2\/comments?post=321"}],"wp:featuredmedia":[{"embeddable":true,"href":"http:\/\/eshop.raffaelart.cz\/index.php\/wp-json\/wp\/v2\/media\/324"}],"wp:attachment":[{"href":"http:\/\/eshop.raffaelart.cz\/index.php\/wp-json\/wp\/v2\/media?parent=321"}],"wp:term":[{"taxonomy":"product_cat","embeddable":true,"href":"http:\/\/eshop.raffaelart.cz\/index.php\/wp-json\/wp\/v2\/product_cat?post=321"},{"taxonomy":"product_tag","embeddable":true,"href":"http:\/\/eshop.raffaelart.cz\/index.php\/wp-json\/wp\/v2\/product_tag?post=321"}],"curies":[{"name":"wp","href":"https:\/\/api.w.org\/{rel}","templated":true}]}}