{"id":284,"date":"2020-01-29T11:55:53","date_gmt":"2020-01-29T10:55:53","guid":{"rendered":"http:\/\/eshop.raffaelart.cz\/?post_type=product&#038;p=284"},"modified":"2022-01-24T18:02:30","modified_gmt":"2022-01-24T17:02:30","slug":"madrid-ukazatel-na-sirku","status":"publish","type":"product","link":"http:\/\/eshop.raffaelart.cz\/index.php\/produkt\/madrid-ukazatel-na-sirku\/","title":{"rendered":"Madrid ukazatel na \u0161\u00ed\u0159ku"},"content":{"rendered":"","protected":false},"excerpt":{"rendered":"<p>Tabulka pro \u00fanikov\u00e9 cesty MADRID st\u0159\u00edbrn\u00fd Al elox<br \/>\n\u2022 Vn\u011bj\u0161\u00ed rozm\u011br: 150,5 x 299,5 mm<br \/>\n\u2022 Viditeln\u00e1 plocha: 144 x 293 mm<br \/>\n\u2022\u00a0Pap\u00edrov\u00e1 vlo\u017eka pro tisk: 147,5 x 296,5<br \/>\n\u2022 R\u00e1me\u010dek st\u0159\u00edbrn\u00fd Al elox, hloubka: 6 mm<br \/>\n\u2022 Zadn\u00ed st\u011bna: st\u0159\u00edbrn\u00e1, s otvory<br \/>\n\u2022 Antireflexn\u00ed kryt (t\u0159\u00edda po\u017e\u00e1ru B1)<\/p>\n<p>Uveden\u00e1 cena v\u010d. DPH (cena bez DPH 687,60 K\u010d)<\/p><\/div>\n","protected":false},"featured_media":314,"comment_status":"open","ping_status":"closed","template":"","meta":[],"product_cat":[13],"product_tag":[],"_links":{"self":[{"href":"http:\/\/eshop.raffaelart.cz\/index.php\/wp-json\/wp\/v2\/product\/284"}],"collection":[{"href":"http:\/\/eshop.raffaelart.cz\/index.php\/wp-json\/wp\/v2\/product"}],"about":[{"href":"http:\/\/eshop.raffaelart.cz\/index.php\/wp-json\/wp\/v2\/types\/product"}],"replies":[{"embeddable":true,"href":"http:\/\/eshop.raffaelart.cz\/index.php\/wp-json\/wp\/v2\/comments?post=284"}],"wp:featuredmedia":[{"embeddable":true,"href":"http:\/\/eshop.raffaelart.cz\/index.php\/wp-json\/wp\/v2\/media\/314"}],"wp:attachment":[{"href":"http:\/\/eshop.raffaelart.cz\/index.php\/wp-json\/wp\/v2\/media?parent=284"}],"wp:term":[{"taxonomy":"product_cat","embeddable":true,"href":"http:\/\/eshop.raffaelart.cz\/index.php\/wp-json\/wp\/v2\/product_cat?post=284"},{"taxonomy":"product_tag","embeddable":true,"href":"http:\/\/eshop.raffaelart.cz\/index.php\/wp-json\/wp\/v2\/product_tag?post=284"}],"curies":[{"name":"wp","href":"https:\/\/api.w.org\/{rel}","templated":true}]}}