{"id":276,"date":"2020-01-22T22:13:46","date_gmt":"2020-01-22T21:13:46","guid":{"rendered":"http:\/\/eshop.raffaelart.cz\/?post_type=product&#038;p=276"},"modified":"2022-01-24T15:55:36","modified_gmt":"2022-01-24T14:55:36","slug":"madrid-dverni-stitek-a5-na-sirku","status":"publish","type":"product","link":"http:\/\/eshop.raffaelart.cz\/index.php\/produkt\/madrid-dverni-stitek-a5-na-sirku\/","title":{"rendered":"Madrid dve\u0159n\u00ed \u0161t\u00edtek A5 na \u0161\u00ed\u0159ku"},"content":{"rendered":"","protected":false},"excerpt":{"rendered":"<p>Dve\u0159n\u00ed \u0161t\u00edtek MADRID St\u0159\u00edbrn\u00fd Al elox<\/p>\n<p>\u2022 Pro \u0161roubov\u00e1n\u00ed nebo lepen\u00ed<br \/>\n\u2022 Vn\u011bj\u0161\u00ed plocha: 150,5 x 212,5 mm<br \/>\n\u2022 Viditeln\u00e1 plocha: 144 x 206 mm<\/span><br \/>\n\u2022 Pap\u00edrov\u00e1 vlo\u017eka pro tisk: 147,5 x 209,5 mm<br \/>\n\u2022 R\u00e1me\u010dek st\u0159\u00edbrn\u00fd Al elox, hloubka: 6 mm<br \/>\n\u2022 Zadn\u00ed st\u011bna: st\u0159\u00edbrn\u00e1, s otvory<br \/>\n\u2022 Antireflexn\u00ed kryt (t\u0159\u00edda po\u017e\u00e1ru B1)<br \/>\n\u2022 Sm\u011br otev\u00edr\u00e1n\u00ed: horn\u00ed del\u0161\u00ed strana<br \/>\nUveden\u00e1 cena v\u010d. DPH (cena bez DPH 515,70 K\u010d)<\/p>\n","protected":false},"featured_media":310,"comment_status":"open","ping_status":"closed","template":"","meta":[],"product_cat":[13],"product_tag":[],"_links":{"self":[{"href":"http:\/\/eshop.raffaelart.cz\/index.php\/wp-json\/wp\/v2\/product\/276"}],"collection":[{"href":"http:\/\/eshop.raffaelart.cz\/index.php\/wp-json\/wp\/v2\/product"}],"about":[{"href":"http:\/\/eshop.raffaelart.cz\/index.php\/wp-json\/wp\/v2\/types\/product"}],"replies":[{"embeddable":true,"href":"http:\/\/eshop.raffaelart.cz\/index.php\/wp-json\/wp\/v2\/comments?post=276"}],"wp:featuredmedia":[{"embeddable":true,"href":"http:\/\/eshop.raffaelart.cz\/index.php\/wp-json\/wp\/v2\/media\/310"}],"wp:attachment":[{"href":"http:\/\/eshop.raffaelart.cz\/index.php\/wp-json\/wp\/v2\/media?parent=276"}],"wp:term":[{"taxonomy":"product_cat","embeddable":true,"href":"http:\/\/eshop.raffaelart.cz\/index.php\/wp-json\/wp\/v2\/product_cat?post=276"},{"taxonomy":"product_tag","embeddable":true,"href":"http:\/\/eshop.raffaelart.cz\/index.php\/wp-json\/wp\/v2\/product_tag?post=276"}],"curies":[{"name":"wp","href":"https:\/\/api.w.org\/{rel}","templated":true}]}}