{"id":244,"date":"2018-09-24T15:13:45","date_gmt":"2018-09-24T13:13:45","guid":{"rendered":"http:\/\/eshop.raffaelart.cz\/?post_type=product&#038;p=244"},"modified":"2022-03-09T11:02:05","modified_gmt":"2022-03-09T10:02:05","slug":"frankfurt-venkovni-stojan-2000-x-1326-bocnice-al-elox","status":"publish","type":"product","link":"http:\/\/eshop.raffaelart.cz\/index.php\/produkt\/frankfurt-venkovni-stojan-2000-x-1326-bocnice-al-elox\/","title":{"rendered":"Frankfurt, venkovn\u00ed stojan, 2000 x 1326, bo\u010dnice Al elox"},"content":{"rendered":"","protected":false},"excerpt":{"rendered":"<p>FRANKFURT venkovn\u00ed stojan vypoukl\u00e9ho tvaru, oboustrann\u00fd<br \/>\n\u2022 Form\u00e1t: 2000 x 1326 mm<br \/>\n\u2022 Viditeln\u00e1 plocha: 2000 x 1140 mm<br \/>\nRAL 9006 b\u00edl\u00fd hlin\u00edk metal\u00edza, konvexn\u00ed, nebo RAL 9016 dopravn\u00ed b\u00edl\u00e1, konvexn\u00ed<br \/>\n\u2022 bo\u010dn\u00ed sloupov\u00e9 profily st\u0159\u00edbrn\u011b eloxovan\u00e9<br \/>\n\u2022 V\u00edko a z\u00e1kladn\u00ed deska \u0161ed\u00e1 barva RAL 7015<br \/>\n\u2022 V\u010detn\u011b v\u00fdztu\u017en\u00fdch trubek z oceli \u00d8 76 mm, 500 mm<br \/>\npro mont\u00e1\u017e do z\u00e1klad\u016f<\/p>\n<p>Uveden\u00e1 cena v\u010d. DPH (cena bez DPH 35068,60 K\u010d)<\/p>\n","protected":false},"featured_media":239,"comment_status":"open","ping_status":"closed","template":"","meta":[],"product_cat":[12],"product_tag":[],"_links":{"self":[{"href":"http:\/\/eshop.raffaelart.cz\/index.php\/wp-json\/wp\/v2\/product\/244"}],"collection":[{"href":"http:\/\/eshop.raffaelart.cz\/index.php\/wp-json\/wp\/v2\/product"}],"about":[{"href":"http:\/\/eshop.raffaelart.cz\/index.php\/wp-json\/wp\/v2\/types\/product"}],"replies":[{"embeddable":true,"href":"http:\/\/eshop.raffaelart.cz\/index.php\/wp-json\/wp\/v2\/comments?post=244"}],"wp:featuredmedia":[{"embeddable":true,"href":"http:\/\/eshop.raffaelart.cz\/index.php\/wp-json\/wp\/v2\/media\/239"}],"wp:attachment":[{"href":"http:\/\/eshop.raffaelart.cz\/index.php\/wp-json\/wp\/v2\/media?parent=244"}],"wp:term":[{"taxonomy":"product_cat","embeddable":true,"href":"http:\/\/eshop.raffaelart.cz\/index.php\/wp-json\/wp\/v2\/product_cat?post=244"},{"taxonomy":"product_tag","embeddable":true,"href":"http:\/\/eshop.raffaelart.cz\/index.php\/wp-json\/wp\/v2\/product_tag?post=244"}],"curies":[{"name":"wp","href":"https:\/\/api.w.org\/{rel}","templated":true}]}}