{"id":228,"date":"2018-08-02T18:08:51","date_gmt":"2018-08-02T16:08:51","guid":{"rendered":"http:\/\/eshop.raffaelart.cz\/?post_type=product&#038;p=228"},"modified":"2020-05-11T01:59:02","modified_gmt":"2020-05-10T23:59:02","slug":"frankfurt-zaves-delka-600-mm","status":"publish","type":"product","link":"http:\/\/eshop.raffaelart.cz\/index.php\/produkt\/frankfurt-zaves-delka-600-mm\/","title":{"rendered":"Frankfurt z\u00e1v\u011bs, d\u00e9lka 600 mm"},"content":{"rendered":"","protected":false},"excerpt":{"rendered":"<p>Stropn\u00ed z\u00e1v\u011bs FRANKFURT, oboustrann\u00fd<br \/>\n\u2022 Form\u00e1t: 155 x 600 mm, Al elox<br \/>\n\u2022 Viditeln\u00e1 plocha 143 x 600 mm<br \/>\n\u2022 Kryty tisku \u010dir\u00fd PVC, antireflexn\u00ed<br \/>\n\u2022 Koncovky z\u00a0plastu \u0161ed\u00e9<br \/>\n\u2022 V\u010detn\u011b ocelov\u00e9ho lanka 2 x 1,5 m<\/p>\n<p>Uveden\u00e1 cena v\u010d. DPH (cena bez DPH 2032,23 K\u010d)<\/p>\n<p>Od 1 ks<\/p>\n","protected":false},"featured_media":227,"comment_status":"open","ping_status":"closed","template":"","meta":[],"product_cat":[12],"product_tag":[],"_links":{"self":[{"href":"http:\/\/eshop.raffaelart.cz\/index.php\/wp-json\/wp\/v2\/product\/228"}],"collection":[{"href":"http:\/\/eshop.raffaelart.cz\/index.php\/wp-json\/wp\/v2\/product"}],"about":[{"href":"http:\/\/eshop.raffaelart.cz\/index.php\/wp-json\/wp\/v2\/types\/product"}],"replies":[{"embeddable":true,"href":"http:\/\/eshop.raffaelart.cz\/index.php\/wp-json\/wp\/v2\/comments?post=228"}],"wp:featuredmedia":[{"embeddable":true,"href":"http:\/\/eshop.raffaelart.cz\/index.php\/wp-json\/wp\/v2\/media\/227"}],"wp:attachment":[{"href":"http:\/\/eshop.raffaelart.cz\/index.php\/wp-json\/wp\/v2\/media?parent=228"}],"wp:term":[{"taxonomy":"product_cat","embeddable":true,"href":"http:\/\/eshop.raffaelart.cz\/index.php\/wp-json\/wp\/v2\/product_cat?post=228"},{"taxonomy":"product_tag","embeddable":true,"href":"http:\/\/eshop.raffaelart.cz\/index.php\/wp-json\/wp\/v2\/product_tag?post=228"}],"curies":[{"name":"wp","href":"https:\/\/api.w.org\/{rel}","templated":true}]}}