{"id":213,"date":"2018-06-25T14:16:09","date_gmt":"2018-06-25T12:16:09","guid":{"rendered":"http:\/\/eshop.raffaelart.cz\/?post_type=product&#038;p=213"},"modified":"2022-02-22T15:57:51","modified_gmt":"2022-02-22T14:57:51","slug":"frankfurt-a3-na-vysku","status":"publish","type":"product","link":"http:\/\/eshop.raffaelart.cz\/index.php\/produkt\/frankfurt-a3-na-vysku\/","title":{"rendered":"Frankfurt 420 x 317, DIN A3 na v\u00fd\u0161ku"},"content":{"rendered":"","protected":false},"excerpt":{"rendered":"<p>\u2022 Tabule<br \/>\n\u2022 Form\u00e1t: 420 x 317 mm<br \/>\n\u2022 St\u0159\u00edbrn\u00fd Al elox<br \/>\n\u2022\u00a0Viditeln\u00e1 plocha: 420 x 289,5 mm<br \/>\n\u2022\u00a0Antireflexn\u00ed PVC kryt<br \/>\nUveden\u00e1 cena v\u010d. DPH (cena bez DPH 1085,12 K\u010d)<br \/>\nOd 1 ks<\/p>\n","protected":false},"featured_media":214,"comment_status":"open","ping_status":"closed","template":"","meta":[],"product_cat":[12],"product_tag":[],"_links":{"self":[{"href":"http:\/\/eshop.raffaelart.cz\/index.php\/wp-json\/wp\/v2\/product\/213"}],"collection":[{"href":"http:\/\/eshop.raffaelart.cz\/index.php\/wp-json\/wp\/v2\/product"}],"about":[{"href":"http:\/\/eshop.raffaelart.cz\/index.php\/wp-json\/wp\/v2\/types\/product"}],"replies":[{"embeddable":true,"href":"http:\/\/eshop.raffaelart.cz\/index.php\/wp-json\/wp\/v2\/comments?post=213"}],"wp:featuredmedia":[{"embeddable":true,"href":"http:\/\/eshop.raffaelart.cz\/index.php\/wp-json\/wp\/v2\/media\/214"}],"wp:attachment":[{"href":"http:\/\/eshop.raffaelart.cz\/index.php\/wp-json\/wp\/v2\/media?parent=213"}],"wp:term":[{"taxonomy":"product_cat","embeddable":true,"href":"http:\/\/eshop.raffaelart.cz\/index.php\/wp-json\/wp\/v2\/product_cat?post=213"},{"taxonomy":"product_tag","embeddable":true,"href":"http:\/\/eshop.raffaelart.cz\/index.php\/wp-json\/wp\/v2\/product_tag?post=213"}],"curies":[{"name":"wp","href":"https:\/\/api.w.org\/{rel}","templated":true}]}}