{"id":210,"date":"2018-06-25T13:58:51","date_gmt":"2018-06-25T11:58:51","guid":{"rendered":"http:\/\/eshop.raffaelart.cz\/?post_type=product&#038;p=210"},"modified":"2022-02-22T15:10:11","modified_gmt":"2022-02-22T14:10:11","slug":"frankfurt-120-2","status":"publish","type":"product","link":"http:\/\/eshop.raffaelart.cz\/index.php\/produkt\/frankfurt-120-2\/","title":{"rendered":"Frankfurt Dve\u0159n\u00ed \u0161t\u00edtek 120"},"content":{"rendered":"","protected":false},"excerpt":{"rendered":"<p>\u2022 Dve\u0159n\u00ed \u0161t\u00edtek<br \/>\n\u2022 Form\u00e1t: 120 x 120 mm<br \/>\n\u2022 St\u0159\u00edbrn\u00fd Al elox<br \/>\n\u2022\u00a0Viditeln\u00e1 plocha: 120 x 108,5 mm<br \/>\n\u2022\u00a0Antireflexn\u00ed PVC kryt<\/p>\n<p>Uveden\u00e1 cena v\u010d. DPH (cena bez DPH 223,97 K\u010d)<\/p>\n","protected":false},"featured_media":211,"comment_status":"open","ping_status":"closed","template":"","meta":[],"product_cat":[12],"product_tag":[],"_links":{"self":[{"href":"http:\/\/eshop.raffaelart.cz\/index.php\/wp-json\/wp\/v2\/product\/210"}],"collection":[{"href":"http:\/\/eshop.raffaelart.cz\/index.php\/wp-json\/wp\/v2\/product"}],"about":[{"href":"http:\/\/eshop.raffaelart.cz\/index.php\/wp-json\/wp\/v2\/types\/product"}],"replies":[{"embeddable":true,"href":"http:\/\/eshop.raffaelart.cz\/index.php\/wp-json\/wp\/v2\/comments?post=210"}],"wp:featuredmedia":[{"embeddable":true,"href":"http:\/\/eshop.raffaelart.cz\/index.php\/wp-json\/wp\/v2\/media\/211"}],"wp:attachment":[{"href":"http:\/\/eshop.raffaelart.cz\/index.php\/wp-json\/wp\/v2\/media?parent=210"}],"wp:term":[{"taxonomy":"product_cat","embeddable":true,"href":"http:\/\/eshop.raffaelart.cz\/index.php\/wp-json\/wp\/v2\/product_cat?post=210"},{"taxonomy":"product_tag","embeddable":true,"href":"http:\/\/eshop.raffaelart.cz\/index.php\/wp-json\/wp\/v2\/product_tag?post=210"}],"curies":[{"name":"wp","href":"https:\/\/api.w.org\/{rel}","templated":true}]}}