{"id":184,"date":"2018-03-04T19:55:14","date_gmt":"2018-03-04T18:55:14","guid":{"rendered":"http:\/\/eshop.raffaelart.cz\/?post_type=product&#038;p=184"},"modified":"2022-03-10T10:22:39","modified_gmt":"2022-03-10T09:22:39","slug":"galerie-dverni-stitek-100-x-160-mm-esg-tvrzene-sklo-2-uchyty-i7324","status":"publish","type":"product","link":"http:\/\/eshop.raffaelart.cz\/index.php\/produkt\/galerie-dverni-stitek-100-x-160-mm-esg-tvrzene-sklo-2-uchyty-i7324\/","title":{"rendered":"GALERIE Dve\u0159n\u00ed \u0161t\u00edtek 100 x 160 mm, ESG (tvrzen\u00e9 sklo), 2 \u00fachyty i7324"},"content":{"rendered":"","protected":false},"excerpt":{"rendered":"<p>GALERIE Dve\u0159n\u00ed \u0161t\u00edtek<br \/>\n\u2022 2x ESG 100 x 160 x 4 mm<br \/>\n\u2022 2 otvory \u00d8 10 mm<br \/>\n\u2022 2x vymezovac\u00ed \u00fachyty nerez V2A, i7324<br \/>\n\u2022 15 mm vzd\u00e1lenost od zdi, \u00d8 14 mm<\/p>\n<p>Uveden\u00e1 cena v\u010d. DPH (cena bez DPH 344,63 K\u010d)<\/p>\n","protected":false},"featured_media":208,"comment_status":"open","ping_status":"closed","template":"","meta":[],"product_cat":[11],"product_tag":[],"_links":{"self":[{"href":"http:\/\/eshop.raffaelart.cz\/index.php\/wp-json\/wp\/v2\/product\/184"}],"collection":[{"href":"http:\/\/eshop.raffaelart.cz\/index.php\/wp-json\/wp\/v2\/product"}],"about":[{"href":"http:\/\/eshop.raffaelart.cz\/index.php\/wp-json\/wp\/v2\/types\/product"}],"replies":[{"embeddable":true,"href":"http:\/\/eshop.raffaelart.cz\/index.php\/wp-json\/wp\/v2\/comments?post=184"}],"wp:featuredmedia":[{"embeddable":true,"href":"http:\/\/eshop.raffaelart.cz\/index.php\/wp-json\/wp\/v2\/media\/208"}],"wp:attachment":[{"href":"http:\/\/eshop.raffaelart.cz\/index.php\/wp-json\/wp\/v2\/media?parent=184"}],"wp:term":[{"taxonomy":"product_cat","embeddable":true,"href":"http:\/\/eshop.raffaelart.cz\/index.php\/wp-json\/wp\/v2\/product_cat?post=184"},{"taxonomy":"product_tag","embeddable":true,"href":"http:\/\/eshop.raffaelart.cz\/index.php\/wp-json\/wp\/v2\/product_tag?post=184"}],"curies":[{"name":"wp","href":"https:\/\/api.w.org\/{rel}","templated":true}]}}