{"id":125,"date":"2018-02-13T12:09:30","date_gmt":"2018-02-13T11:09:30","guid":{"rendered":"http:\/\/eshop.raffaelart.cz\/?post_type=product&#038;p=125"},"modified":"2022-03-10T10:39:56","modified_gmt":"2022-03-10T09:39:56","slug":"galerie","status":"publish","type":"product","link":"http:\/\/eshop.raffaelart.cz\/index.php\/produkt\/galerie\/","title":{"rendered":"GALERIE Dve\u0159n\u00ed \u0161t\u00edtek 150 x 150 mm, ESG (tvrzen\u00e9 sklo), 4 \u00fachyty i7324"},"content":{"rendered":"","protected":false},"excerpt":{"rendered":"<p>GALERIE Dve\u0159n\u00ed \u0161t\u00edtek<br \/>\n\u2022 2x ESG 150 x 150 x 4 mm<br \/>\n\u2022 4 otvory \u00d8 10 mm<br \/>\n\u2022 4x vymezovac\u00ed \u00fachyty nerez V2A, i7324<br \/>\n\u2022 15 mm vzd\u00e1lenost od zdi, \u00d8 14 mm<\/p>\n<p>Uveden\u00e1 cena v\u010d. DPH (cena bez DPH 523,97 K\u010d)<\/p>\n","protected":false},"featured_media":124,"comment_status":"open","ping_status":"closed","template":"","meta":[],"product_cat":[11],"product_tag":[],"_links":{"self":[{"href":"http:\/\/eshop.raffaelart.cz\/index.php\/wp-json\/wp\/v2\/product\/125"}],"collection":[{"href":"http:\/\/eshop.raffaelart.cz\/index.php\/wp-json\/wp\/v2\/product"}],"about":[{"href":"http:\/\/eshop.raffaelart.cz\/index.php\/wp-json\/wp\/v2\/types\/product"}],"replies":[{"embeddable":true,"href":"http:\/\/eshop.raffaelart.cz\/index.php\/wp-json\/wp\/v2\/comments?post=125"}],"wp:featuredmedia":[{"embeddable":true,"href":"http:\/\/eshop.raffaelart.cz\/index.php\/wp-json\/wp\/v2\/media\/124"}],"wp:attachment":[{"href":"http:\/\/eshop.raffaelart.cz\/index.php\/wp-json\/wp\/v2\/media?parent=125"}],"wp:term":[{"taxonomy":"product_cat","embeddable":true,"href":"http:\/\/eshop.raffaelart.cz\/index.php\/wp-json\/wp\/v2\/product_cat?post=125"},{"taxonomy":"product_tag","embeddable":true,"href":"http:\/\/eshop.raffaelart.cz\/index.php\/wp-json\/wp\/v2\/product_tag?post=125"}],"curies":[{"name":"wp","href":"https:\/\/api.w.org\/{rel}","templated":true}]}}