{"id":107,"date":"2016-12-28T11:56:28","date_gmt":"2016-12-28T10:56:28","guid":{"rendered":"http:\/\/eshop.raffaelart.cz\/?post_type=product&#038;p=107"},"modified":"2022-02-22T16:02:25","modified_gmt":"2022-02-22T15:02:25","slug":"frankfurt-din-a3-na-sirku","status":"publish","type":"product","link":"http:\/\/eshop.raffaelart.cz\/index.php\/produkt\/frankfurt-din-a3-na-sirku\/","title":{"rendered":"Frankfurt 440 x 297, DIN A3 na \u0161\u00ed\u0159ku"},"content":{"rendered":"","protected":false},"excerpt":{"rendered":"<p>\u2022 Tabule<br \/>\n\u2022 Form\u00e1t: 297 x 440 mm<br \/>\n\u2022 St\u0159\u00edbrn\u00fd Al elox<br \/>\n\u2022\u00a0Viditeln\u00e1 plocha: 297 x 401,5 mm<br \/>\n\u2022\u00a0Antireflexn\u00ed PVC kryt<br \/>\nUveden\u00e1 cena v\u010d. DPH (cena bez DPH 1464,47 K\u010d)<br \/>\nOd 1 ks<\/p>\n","protected":false},"featured_media":218,"comment_status":"open","ping_status":"closed","template":"","meta":[],"product_cat":[12],"product_tag":[],"_links":{"self":[{"href":"http:\/\/eshop.raffaelart.cz\/index.php\/wp-json\/wp\/v2\/product\/107"}],"collection":[{"href":"http:\/\/eshop.raffaelart.cz\/index.php\/wp-json\/wp\/v2\/product"}],"about":[{"href":"http:\/\/eshop.raffaelart.cz\/index.php\/wp-json\/wp\/v2\/types\/product"}],"replies":[{"embeddable":true,"href":"http:\/\/eshop.raffaelart.cz\/index.php\/wp-json\/wp\/v2\/comments?post=107"}],"wp:featuredmedia":[{"embeddable":true,"href":"http:\/\/eshop.raffaelart.cz\/index.php\/wp-json\/wp\/v2\/media\/218"}],"wp:attachment":[{"href":"http:\/\/eshop.raffaelart.cz\/index.php\/wp-json\/wp\/v2\/media?parent=107"}],"wp:term":[{"taxonomy":"product_cat","embeddable":true,"href":"http:\/\/eshop.raffaelart.cz\/index.php\/wp-json\/wp\/v2\/product_cat?post=107"},{"taxonomy":"product_tag","embeddable":true,"href":"http:\/\/eshop.raffaelart.cz\/index.php\/wp-json\/wp\/v2\/product_tag?post=107"}],"curies":[{"name":"wp","href":"https:\/\/api.w.org\/{rel}","templated":true}]}}