{"id":105,"date":"2016-12-28T11:54:33","date_gmt":"2016-12-28T10:54:33","guid":{"rendered":"http:\/\/eshop.raffaelart.cz\/?post_type=product&#038;p=105"},"modified":"2022-02-22T15:47:10","modified_gmt":"2022-02-22T14:47:10","slug":"frankfurt-din-a4-na-sirku","status":"publish","type":"product","link":"http:\/\/eshop.raffaelart.cz\/index.php\/produkt\/frankfurt-din-a4-na-sirku\/","title":{"rendered":"Frankfurt 317 x 210, DIN A4 na \u0161\u00ed\u0159ku"},"content":{"rendered":"","protected":false},"excerpt":{"rendered":"<p>\u2022 Tabulka<br \/>\n\u2022 Form\u00e1t: 317 x 210 mm<br \/>\n\u2022 St\u0159\u00edbrn\u00fd Al elox<br \/>\n\u2022\u00a0Viditeln\u00e1 plocha: 289,5 x 210 mm<br \/>\n\u2022\u00a0Antireflexn\u00ed PVC kryt<\/p>\n<p>Uveden\u00e1 cena v\u010d. DPH (cena bez DPH 878,52 K\u010d)<\/p>\n<p>>Od 1 ks<\/p>\n","protected":false},"featured_media":219,"comment_status":"open","ping_status":"closed","template":"","meta":[],"product_cat":[12],"product_tag":[],"_links":{"self":[{"href":"http:\/\/eshop.raffaelart.cz\/index.php\/wp-json\/wp\/v2\/product\/105"}],"collection":[{"href":"http:\/\/eshop.raffaelart.cz\/index.php\/wp-json\/wp\/v2\/product"}],"about":[{"href":"http:\/\/eshop.raffaelart.cz\/index.php\/wp-json\/wp\/v2\/types\/product"}],"replies":[{"embeddable":true,"href":"http:\/\/eshop.raffaelart.cz\/index.php\/wp-json\/wp\/v2\/comments?post=105"}],"wp:featuredmedia":[{"embeddable":true,"href":"http:\/\/eshop.raffaelart.cz\/index.php\/wp-json\/wp\/v2\/media\/219"}],"wp:attachment":[{"href":"http:\/\/eshop.raffaelart.cz\/index.php\/wp-json\/wp\/v2\/media?parent=105"}],"wp:term":[{"taxonomy":"product_cat","embeddable":true,"href":"http:\/\/eshop.raffaelart.cz\/index.php\/wp-json\/wp\/v2\/product_cat?post=105"},{"taxonomy":"product_tag","embeddable":true,"href":"http:\/\/eshop.raffaelart.cz\/index.php\/wp-json\/wp\/v2\/product_tag?post=105"}],"curies":[{"name":"wp","href":"https:\/\/api.w.org\/{rel}","templated":true}]}}