{"id":7,"date":"2016-08-23T18:05:14","date_gmt":"2016-08-23T16:05:14","guid":{"rendered":"http:\/\/eshop.raffaelart.cz\/index.php\/obchod\/"},"modified":"2020-06-15T22:11:14","modified_gmt":"2020-06-15T20:11:14","slug":"obchod","status":"publish","type":"page","link":"http:\/\/eshop.raffaelart.cz\/index.php\/obchod\/","title":{"rendered":"ESHOP &#8211; nejprod\u00e1van\u011bj\u0161\u00ed produkty:"},"content":{"rendered":"<div class=\"ra-content-layout\">\n<div class=\"ra-content-layout-row\">\n<div class=\"ra-layout-cell layout-item-0\" style=\"width: 100%;\">\n<p>&nbsp;<\/p>\n<p>&nbsp;<\/p>\n<\/div>\n<\/div>\n<\/div>\n","protected":false},"excerpt":{"rendered":"<p>&nbsp; &nbsp;<\/p>\n","protected":false},"author":1,"featured_media":0,"parent":0,"menu_order":0,"comment_status":"closed","ping_status":"closed","template":"","meta":[],"_links":{"self":[{"href":"http:\/\/eshop.raffaelart.cz\/index.php\/wp-json\/wp\/v2\/pages\/7"}],"collection":[{"href":"http:\/\/eshop.raffaelart.cz\/index.php\/wp-json\/wp\/v2\/pages"}],"about":[{"href":"http:\/\/eshop.raffaelart.cz\/index.php\/wp-json\/wp\/v2\/types\/page"}],"author":[{"embeddable":true,"href":"http:\/\/eshop.raffaelart.cz\/index.php\/wp-json\/wp\/v2\/users\/1"}],"replies":[{"embeddable":true,"href":"http:\/\/eshop.raffaelart.cz\/index.php\/wp-json\/wp\/v2\/comments?post=7"}],"version-history":[{"count":8,"href":"http:\/\/eshop.raffaelart.cz\/index.php\/wp-json\/wp\/v2\/pages\/7\/revisions"}],"predecessor-version":[{"id":592,"href":"http:\/\/eshop.raffaelart.cz\/index.php\/wp-json\/wp\/v2\/pages\/7\/revisions\/592"}],"wp:attachment":[{"href":"http:\/\/eshop.raffaelart.cz\/index.php\/wp-json\/wp\/v2\/media?parent=7"}],"curies":[{"name":"wp","href":"https:\/\/api.w.org\/{rel}","templated":true}]}}