{"id":562,"date":"2020-06-09T12:19:12","date_gmt":"2020-06-09T10:19:12","guid":{"rendered":"http:\/\/eshop.raffaelart.cz\/?page_id=562"},"modified":"2020-06-09T12:19:12","modified_gmt":"2020-06-09T10:19:12","slug":"vop","status":"publish","type":"page","link":"http:\/\/eshop.raffaelart.cz\/index.php\/vop\/","title":{"rendered":"VOP"},"content":{"rendered":"<p>V\u0161eobecn\u00e9 obchodn\u00ed podm\u00ednky firmy Raffael Info Art s.r.o.<br \/>\nZ\u00e1kladn\u00ed ustanoven\u00ed<br \/>\nTyto v\u0161eobecn\u00e9 obchodn\u00ed podm\u00ednky (d\u00e1le jen \u201eobchodn\u00ed podm\u00ednky\u201c) jsou vydan\u00e9 dle \u00a7 1751 a n\u00e1sl. z\u00e1kona \u010d. 89\/2012 Sb., ob\u010dansk\u00fd z\u00e1kon\u00edk (d\u00e1le jen \u201eob\u010dansk\u00fd z\u00e1kon\u00edk\u201c)<br \/>\nProd\u00e1vaj\u00edc\u00ed: Raffael Info Art s.r.o. se s\u00eddlem Palack\u00e9ho 735, 549 41 \u010cerven\u00fd Kostelec<br \/>\nI\u010c: 25959921 DI\u010c: CZ25959921<br \/>\nZapsan\u00e9 v obchodn\u00edm rejst\u0159\u00edku u Krajsk\u00e9ho soudu v Hradci Kr\u00e1lov\u00e9, odd\u00edl C, vlo\u017eka \u010d\u00edslo 17590 Adresa pro p\u0159\u00edjem a odes\u00edl\u00e1n\u00ed: Raffael info Art s.r.o, provozovna Opatov, 569 12 Opatov Tel.: +420 607 762 774, e-mail: kontakt@raffaelart.cz Prost\u0159ednictv\u00edm e-shopu budou prod\u00e1v\u00e1ny prvky orienta\u010dn\u00edch syst\u00e9m\u016f do interieru i exterieru.<br \/>\nI<br \/>\nObjedn\u00e1v\u00e1n\u00ed zbo\u017e\u00ed, uzav\u0159en\u00ed kupn\u00ed smlouvy<br \/>\n1. Prod\u00e1vaj\u00edc\u00ed dod\u00e1v\u00e1 zbo\u017e\u00ed na z\u00e1klad\u011b objedn\u00e1vek kupuj\u00edc\u00edho. Ka\u017ed\u00e1 objedn\u00e1vka mus\u00ed obsahovat alespo\u0148 tyto n\u00e1le\u017eitosti: &#8211; \u010d\u00edseln\u00fd k\u00f3d zbo\u017e\u00ed definuj\u00edc\u00ed (katalogov\u00e9 \u010d\u00edslo), po\u010det kus\u016f, jednotkov\u00e9 ceny.<br \/>\n2. U ka\u017ed\u00e9ho druhu zbo\u017e\u00ed je po kliknut\u00ed uveden popis zbo\u017e\u00ed, zobrazen\u00ed a cena v\u010detn\u011b DPH. Spot\u0159ebitel m\u00e1 mo\u017enost zbo\u017e\u00ed ukl\u00e1dan\u00e9 do n\u00e1kupn\u00edho ko\u0161\u00edku m\u011bnit, kontrolovat obsah i cenu n\u00e1kupu. P\u0159ed odesl\u00e1n\u00edm objedn\u00e1vky se v\u017edy zobraz\u00ed v\u0161echno zbo\u017e\u00ed ulo\u017een\u00e9 v n\u00e1kupn\u00edm ko\u0161\u00edku, cena jednotliv\u00e9ho zbo\u017e\u00ed, po\u010det kus\u016f jednotliv\u00fdch druh\u016f zbo\u017e\u00ed, cena za dod\u00e1n\u00ed zbo\u017e\u00ed a celkov\u00e1 cena n\u00e1kupu v\u010detn\u011b DPH. Odesl\u00e1n\u00ed objedn\u00e1vky kliknut\u00edm na tla\u010d\u00edtko \u201eobjednat\u201c je n\u00e1vrhem na uzav\u0159en\u00ed kupn\u00ed smlouvy.<br \/>\n3. Kupuj\u00edc\u00ed m\u00e1 mo\u017enost zbo\u017e\u00ed ukl\u00e1dan\u00e9 do n\u00e1kupn\u00edho ko\u0161\u00edku m\u011bnit, kontrolovat obsah i cenu n\u00e1kupu a upravovat sv\u00e9 kontaktn\u00ed \u00fadaje.<br \/>\n4. Ka\u017ed\u00e1 objedn\u00e1vka bude po obdr\u017een\u00ed potvrzena.<br \/>\n5. V p\u0159\u00edpad\u011b, \u017ee objedn\u00e1vka kupuj\u00edc\u00edho bude potvrzena beze zm\u011bn, bude kupn\u00ed smlouva uzav\u0159ena okam\u017eikem doru\u010den\u00ed potvrzen\u00ed objedn\u00e1vky kupuj\u00edc\u00edmu.<br \/>\n6. Objedn\u00e1vku, kter\u00e1 nen\u00ed se souhlasem prod\u00e1vaj\u00edc\u00edho u\u010din\u011bna v souladu s t\u011bmito obchodn\u00edmi podm\u00ednkami, je prod\u00e1vaj\u00edc\u00ed opr\u00e1vn\u011bn nep\u0159ijmout, nebo ji kupuj\u00edc\u00edmu vr\u00e1tit k dopln\u011bn\u00ed a poskytnout mu k tomu p\u0159im\u011b\u0159enou lh\u016ftu. Jej\u00ed marn\u00e9 uplynut\u00ed m\u00e1 za n\u00e1sledek, \u017ee se objedn\u00e1vka kupuj\u00edc\u00edho pova\u017euje za objedn\u00e1vku, kter\u00e1 nebyla nikdy doru\u010dena.<br \/>\nII<br \/>\nKupn\u00ed cena a placen\u00ed<br \/>\n1. Kupn\u00ed cena je uvedena u ka\u017ed\u00e9ho kusu zbo\u017e\u00ed. Ceny jsou uvedeny v\u010detn\u011b DPH ve v\u00fd\u0161i dle platn\u00fdch p\u0159edpis\u016f v dob\u011b uzav\u0159en\u00ed kupn\u00ed smlouvy<br \/>\n2. Zbo\u017e\u00ed bude placeno na dob\u00edrku, p\u0159es internetov\u00e9 bankovnictv\u00ed, nebo b\u011b\u017en\u00fdm p\u0159evodem z banky.<br \/>\n3. \u010c\u00edslo bankovn\u00edho \u00fa\u010dtu pro p\u0159evod z banky je 1183405389\/0800<br \/>\n4. Faktura bude kupuj\u00edc\u00edmu zasl\u00e1na sou\u010dasn\u011b se zbo\u017e\u00edm.<br \/>\nIII<br \/>\nLh\u016fty a zp\u016fsob dod\u00e1n\u00ed zbo\u017e\u00ed<br \/>\n1. Zbo\u017e\u00ed bude dod\u00e1no nejpozd\u011bji do 7 pracovn\u00edch dn\u016f ode dne potvrzen\u00ed objedn\u00e1vky .<br \/>\n2. Ve\u0161ker\u00e9 zbo\u017e\u00ed bude kupuj\u00edc\u00edmu dod\u00e1v\u00e1no dle v\u00fdb\u011bru zp\u016fsobu doru\u010den\u00ed v objedn\u00e1vce.<br \/>\n3. N\u00e1klady na dod\u00e1n\u00ed zbo\u017e\u00ed do m\u00edsta ur\u010den\u00ed plat\u00ed kupuj\u00edc\u00ed, pokud prod\u00e1vaj\u00edc\u00ed v\u00fdslovn\u011b p\u0159i vytvo\u0159en\u00ed objedn\u00e1vky neuvede, \u017ee n\u00e1klady na dopravu zbo\u017e\u00ed hrad\u00ed prod\u00e1vaj\u00edc\u00ed v z\u00e1vislosti na velikosti objedn\u00e1vky.<br \/>\n4. Zbo\u017e\u00ed je dod\u00e1v\u00e1no \u010ceskou po\u0161tou pro jist\u00e9 a rychl\u00e9 dod\u00e1n\u00ed (bal\u00edk do ruky), objemn\u011bj\u0161\u00ed z\u00e1silky jsou zas\u00edl\u00e1ny Toptrans a pro b\u011b\u017en\u00e9 kur\u00fdrn\u00ed slu\u017eby PPL.<br \/>\n4. V p\u0159\u00edpad\u011b, \u017ee kupuj\u00edc\u00ed dodan\u00e9 zbo\u017e\u00ed nep\u0159evezme, ani\u017e by od kupn\u00ed smlouvy platn\u011b odstoupil, bude povinen zaplatit prod\u00e1vaj\u00edc\u00edmu n\u00e1klady s dod\u00e1n\u00edm zbo\u017e\u00ed spojen\u00e9.<br \/>\n5. Zbo\u017e\u00ed je dod\u00e1no p\u0159ed\u00e1n\u00edm kupuj\u00edc\u00edmu.<br \/>\nIV<br \/>\nN\u00e1roky z vadn\u00e9ho pln\u011bn\u00ed<br \/>\n1. Prod\u00e1vaj\u00edc\u00ed poskytuje na zbo\u017e\u00ed z\u00e1ruku 24 m\u011bs\u00edc\u016f ode dne dod\u00e1n\u00ed.<br \/>\n2. Z\u00e1ruka se nevztahuje na opot\u0159eben\u00ed zp\u016fsoben\u00e9 obvykl\u00fdm u\u017e\u00edv\u00e1n\u00edm, vady vznikl\u00e9 po\u0161kozen\u00edm t\u0159et\u00ed osobou.<br \/>\n3. V p\u0159\u00edpad\u011b zji\u0161t\u011bn\u00ed vad je kupuj\u00edc\u00ed opr\u00e1vn\u011bn vady prodejci ozn\u00e1mit (reklamovat), a to bez zbyte\u010dn\u00e9ho odkladu pot\u00e9, co je zjistil nebo mohl zjistit. Ozn\u00e1men\u00ed vad (reklamace) doru\u010dte na adresu Raffael info Art s.r.o, provozovna Opatov, 569 12 Opatov, nebo na email: kontakt@raffaelart.cz V reklamaci mus\u00ed b\u00fdt reklamovan\u00e9 zbo\u017e\u00ed p\u0159esn\u011b specifikov\u00e1no, tzn. mus\u00ed b\u00fdt uveden \u010d\u00edseln\u00fd k\u00f3d zbo\u017e\u00ed, datum a \u010d\u00edslo faktury, \u010d\u00edslo dodac\u00edho listu a datum dod\u00e1n\u00ed zbo\u017e\u00ed. Kupuj\u00edc\u00ed je d\u00e1le povinen p\u0159edlo\u017eit prod\u00e1vaj\u00edc\u00edmu na jeho \u017e\u00e1dost vadn\u00e9 zbo\u017e\u00ed ke kontrole a bli\u017e\u0161\u00edmu zkoum\u00e1n\u00ed.<br \/>\n4. Prod\u00e1vaj\u00edc\u00ed vy\u0159\u00edd\u00ed reklamaci nejpozd\u011bji do 30 dn\u016f.<br \/>\n5. V p\u0159\u00edpad\u011b d\u016fvodn\u00e9 reklamace prod\u00e1vaj\u00edc\u00ed podle druhu vady bu\u010f poskytne nov\u00e9 bezvadn\u00e9 pln\u011bn\u00ed m\u00edsto vadn\u00e9ho, nebo poskytne p\u0159im\u011b\u0159enou slevu z kupn\u00ed ceny vadn\u00e9ho zbo\u017e\u00ed.<br \/>\nV<br \/>\nOdstoupen\u00ed od smlouvy<br \/>\n1. Kupuj\u00edc\u00ed je opr\u00e1vn\u011bn od smlouvy odstoupit v p\u0159\u00edpad\u011b, \u017ee prod\u00e1vaj\u00edc\u00ed nepotvrd\u00ed jeho objedn\u00e1vku v cel\u00e9m rozsahu a d\u00e1le v p\u0159\u00edpad\u011b \u017ee zbo\u017e\u00ed nebude dod\u00e1no ani do 30 dn\u016f ode dne potvrzen\u00ed objedn\u00e1vky.<br \/>\n2. Odstoupen\u00ed od smlouvy mus\u00ed kupuj\u00edc\u00ed prokazateln\u011b doru\u010dit nap\u0159. doporu\u010den\u011b po\u0161tou nebo elektronickou po\u0161tou na adresu pro doru\u010dov\u00e1n\u00ed elektronick\u00e9 po\u0161ty.<br \/>\n3. Kupuj\u00edc\u00ed je povinen zbo\u017e\u00ed vr\u00e1tit do 15 dn\u016f ode dne odstoupen\u00ed doru\u010den\u00edm na adresu s\u00eddla prod\u00e1vaj\u00edc\u00edho: Opatov 118, 569 12 Opatov.<br \/>\n4. Vr\u00e1cen\u00e9 zbo\u017e\u00ed mus\u00ed b\u00fdt nepo\u0161kozen\u00e9 a pokud mo\u017eno v p\u016fvodn\u00edm obalu.<br \/>\n5. Uplatn\u00ed-li kupuj\u00edc\u00ed pr\u00e1vo na odstoupen\u00ed od smlouvy, m\u00e1 prod\u00e1vaj\u00edc\u00ed pr\u00e1vo pouze na n\u00e1hradu skute\u010dn\u011b vynalo\u017een\u00fdch n\u00e1klad\u016f spojen\u00fdch s vr\u00e1cen\u00edm zbo\u017e\u00ed.<br \/>\n6. P\u0159i odstoupen\u00ed od smlouvy vr\u00e1t\u00ed prod\u00e1vaj\u00edc\u00ed kupuj\u00edc\u00edmu zaplacen\u00e9 pen\u00edze nejpozd\u011bji do 14 dn\u016f ode dne doru\u010den\u00ed zbo\u017e\u00ed prod\u00e1vaj\u00edc\u00edmu. Pokud je vr\u00e1cen\u00e9 zbo\u017e\u00ed \u010d\u00e1ste\u010dn\u011b po\u0161kozeno, m\u016f\u017ee prod\u00e1vaj\u00edc\u00ed uplatnit na kupuj\u00edc\u00edm pr\u00e1vo na n\u00e1hradu \u0161kody a zapo\u010d\u00edst sv\u016fj n\u00e1rok na vr\u00e1cenou kupn\u00ed cenu a vr\u00e1t\u00ed tak spot\u0159ebiteli takto sn\u00ed\u017eenou kupn\u00ed cenu.<br \/>\nVI<br \/>\nDal\u0161\u00ed pr\u00e1va a povinnosti smluvn\u00edch stran<br \/>\nKupuj\u00edc\u00ed nab\u00fdv\u00e1 vlastnictv\u00ed ke zbo\u017e\u00ed zaplacen\u00edm cel\u00e9 kupn\u00ed ceny zbo\u017e\u00ed.<br \/>\nVII<br \/>\nObecn\u00e1 ustanoven\u00ed<br \/>\nTyto v\u0161eobecn\u00e9 obchodn\u00ed podm\u00ednky tvo\u0159\u00ed ned\u00edlnou sou\u010d\u00e1st kupn\u00ed smlouvy mezi kupuj\u00edc\u00edm a prod\u00e1vaj\u00edc\u00edm.<br \/>\nVIII<br \/>\nPlatnost obchodn\u00edch podm\u00ednek<br \/>\nTyto obchodn\u00ed podm\u00ednky nab\u00fdvaj\u00ed platnosti dnem 1. 6. 2020.<\/p>\n","protected":false},"excerpt":{"rendered":"<p>V\u0161eobecn\u00e9 obchodn\u00ed podm\u00ednky firmy Raffael Info Art s.r.o. Z\u00e1kladn\u00ed ustanoven\u00ed Tyto v\u0161eobecn\u00e9 obchodn\u00ed podm\u00ednky (d\u00e1le jen \u201eobchodn\u00ed podm\u00ednky\u201c) jsou vydan\u00e9 dle \u00a7 1751 a n\u00e1sl. z\u00e1kona \u010d. 89\/2012 Sb., ob\u010dansk\u00fd z\u00e1kon\u00edk (d\u00e1le jen \u201eob\u010dansk\u00fd z\u00e1kon\u00edk\u201c) Prod\u00e1vaj\u00edc\u00ed: Raffael Info Art s.r.o. se s\u00eddlem Palack\u00e9ho 735, 549 41 \u010cerven\u00fd Kostelec I\u010c: 25959921 DI\u010c: CZ25959921 Zapsan\u00e9 v obchodn\u00edm [&hellip;]<\/p>\n","protected":false},"author":1,"featured_media":0,"parent":0,"menu_order":0,"comment_status":"closed","ping_status":"closed","template":"","meta":[],"_links":{"self":[{"href":"http:\/\/eshop.raffaelart.cz\/index.php\/wp-json\/wp\/v2\/pages\/562"}],"collection":[{"href":"http:\/\/eshop.raffaelart.cz\/index.php\/wp-json\/wp\/v2\/pages"}],"about":[{"href":"http:\/\/eshop.raffaelart.cz\/index.php\/wp-json\/wp\/v2\/types\/page"}],"author":[{"embeddable":true,"href":"http:\/\/eshop.raffaelart.cz\/index.php\/wp-json\/wp\/v2\/users\/1"}],"replies":[{"embeddable":true,"href":"http:\/\/eshop.raffaelart.cz\/index.php\/wp-json\/wp\/v2\/comments?post=562"}],"version-history":[{"count":1,"href":"http:\/\/eshop.raffaelart.cz\/index.php\/wp-json\/wp\/v2\/pages\/562\/revisions"}],"predecessor-version":[{"id":563,"href":"http:\/\/eshop.raffaelart.cz\/index.php\/wp-json\/wp\/v2\/pages\/562\/revisions\/563"}],"wp:attachment":[{"href":"http:\/\/eshop.raffaelart.cz\/index.php\/wp-json\/wp\/v2\/media?parent=562"}],"curies":[{"name":"wp","href":"https:\/\/api.w.org\/{rel}","templated":true}]}}