{"id":478,"date":"2020-05-18T14:49:25","date_gmt":"2020-05-18T12:49:25","guid":{"rendered":"http:\/\/eshop.raffaelart.cz\/?page_id=478"},"modified":"2020-05-19T10:14:36","modified_gmt":"2020-05-19T08:14:36","slug":"sydney-nakres-a-popis","status":"publish","type":"page","link":"http:\/\/eshop.raffaelart.cz\/index.php\/sydney-nakres-a-popis\/","title":{"rendered":"Sydney \u2013 n\u00e1kres a popis"},"content":{"rendered":"<p><img loading=\"lazy\" class=\"alignleft size-full wp-image-441\" src=\"http:\/\/eshop.raffaelart.cz\/wp-content\/uploads\/2016\/08\/V\u00fdst\u0159i\u017eek.png\" alt=\"V\u00fdst\u0159i\u017eek\" width=\"1248\" height=\"718\" srcset=\"http:\/\/eshop.raffaelart.cz\/wp-content\/uploads\/2016\/08\/V\u00fdst\u0159i\u017eek.png 1248w, http:\/\/eshop.raffaelart.cz\/wp-content\/uploads\/2016\/08\/V\u00fdst\u0159i\u017eek-300x173.png 300w, http:\/\/eshop.raffaelart.cz\/wp-content\/uploads\/2016\/08\/V\u00fdst\u0159i\u017eek-768x442.png 768w, http:\/\/eshop.raffaelart.cz\/wp-content\/uploads\/2016\/08\/V\u00fdst\u0159i\u017eek-1024x589.png 1024w, http:\/\/eshop.raffaelart.cz\/wp-content\/uploads\/2016\/08\/V\u00fdst\u0159i\u017eek-350x201.png 350w\" sizes=\"(max-width: 1248px) 100vw, 1248px\" \/><\/p>\n","protected":false},"excerpt":{"rendered":"","protected":false},"author":1,"featured_media":0,"parent":0,"menu_order":0,"comment_status":"closed","ping_status":"closed","template":"","meta":[],"_links":{"self":[{"href":"http:\/\/eshop.raffaelart.cz\/index.php\/wp-json\/wp\/v2\/pages\/478"}],"collection":[{"href":"http:\/\/eshop.raffaelart.cz\/index.php\/wp-json\/wp\/v2\/pages"}],"about":[{"href":"http:\/\/eshop.raffaelart.cz\/index.php\/wp-json\/wp\/v2\/types\/page"}],"author":[{"embeddable":true,"href":"http:\/\/eshop.raffaelart.cz\/index.php\/wp-json\/wp\/v2\/users\/1"}],"replies":[{"embeddable":true,"href":"http:\/\/eshop.raffaelart.cz\/index.php\/wp-json\/wp\/v2\/comments?post=478"}],"version-history":[{"count":2,"href":"http:\/\/eshop.raffaelart.cz\/index.php\/wp-json\/wp\/v2\/pages\/478\/revisions"}],"predecessor-version":[{"id":496,"href":"http:\/\/eshop.raffaelart.cz\/index.php\/wp-json\/wp\/v2\/pages\/478\/revisions\/496"}],"wp:attachment":[{"href":"http:\/\/eshop.raffaelart.cz\/index.php\/wp-json\/wp\/v2\/media?parent=478"}],"curies":[{"name":"wp","href":"https:\/\/api.w.org\/{rel}","templated":true}]}}