{"id":451,"date":"2020-05-15T17:43:41","date_gmt":"2020-05-15T15:43:41","guid":{"rendered":"http:\/\/eshop.raffaelart.cz\/?page_id=451"},"modified":"2020-05-19T10:02:22","modified_gmt":"2020-05-19T08:02:22","slug":"galerie","status":"publish","type":"page","link":"http:\/\/eshop.raffaelart.cz\/index.php\/galerie\/","title":{"rendered":"Galerie &#8211; n\u00e1kres a popis"},"content":{"rendered":"<p><img loading=\"lazy\" class=\"alignleft size-full wp-image-443\" src=\"http:\/\/eshop.raffaelart.cz\/wp-content\/uploads\/2016\/08\/V\u00fdst\u0159i\u017eek-1.png\" alt=\"V\u00fdst\u0159i\u017eek\" width=\"844\" height=\"744\" srcset=\"http:\/\/eshop.raffaelart.cz\/wp-content\/uploads\/2016\/08\/V\u00fdst\u0159i\u017eek-1.png 844w, http:\/\/eshop.raffaelart.cz\/wp-content\/uploads\/2016\/08\/V\u00fdst\u0159i\u017eek-1-300x264.png 300w, http:\/\/eshop.raffaelart.cz\/wp-content\/uploads\/2016\/08\/V\u00fdst\u0159i\u017eek-1-768x677.png 768w, http:\/\/eshop.raffaelart.cz\/wp-content\/uploads\/2016\/08\/V\u00fdst\u0159i\u017eek-1-350x309.png 350w\" sizes=\"(max-width: 844px) 100vw, 844px\" \/><\/p>\n","protected":false},"excerpt":{"rendered":"","protected":false},"author":1,"featured_media":0,"parent":0,"menu_order":0,"comment_status":"closed","ping_status":"closed","template":"","meta":[],"_links":{"self":[{"href":"http:\/\/eshop.raffaelart.cz\/index.php\/wp-json\/wp\/v2\/pages\/451"}],"collection":[{"href":"http:\/\/eshop.raffaelart.cz\/index.php\/wp-json\/wp\/v2\/pages"}],"about":[{"href":"http:\/\/eshop.raffaelart.cz\/index.php\/wp-json\/wp\/v2\/types\/page"}],"author":[{"embeddable":true,"href":"http:\/\/eshop.raffaelart.cz\/index.php\/wp-json\/wp\/v2\/users\/1"}],"replies":[{"embeddable":true,"href":"http:\/\/eshop.raffaelart.cz\/index.php\/wp-json\/wp\/v2\/comments?post=451"}],"version-history":[{"count":4,"href":"http:\/\/eshop.raffaelart.cz\/index.php\/wp-json\/wp\/v2\/pages\/451\/revisions"}],"predecessor-version":[{"id":490,"href":"http:\/\/eshop.raffaelart.cz\/index.php\/wp-json\/wp\/v2\/pages\/451\/revisions\/490"}],"wp:attachment":[{"href":"http:\/\/eshop.raffaelart.cz\/index.php\/wp-json\/wp\/v2\/media?parent=451"}],"curies":[{"name":"wp","href":"https:\/\/api.w.org\/{rel}","templated":true}]}}