{"id":21,"date":"2016-08-24T00:28:11","date_gmt":"2016-08-23T22:28:11","guid":{"rendered":"http:\/\/eshop.raffaelart.cz\/index.php\/kontakt-2\/"},"modified":"2020-06-15T10:13:38","modified_gmt":"2020-06-15T08:13:38","slug":"kontakt-2","status":"publish","type":"page","link":"http:\/\/eshop.raffaelart.cz\/index.php\/kontakt-2\/","title":{"rendered":"Kontakt"},"content":{"rendered":"<div class=\"ra-content-layout\">\n<div class=\"ra-content-layout-row\">\n<div class=\"ra-layout-cell layout-item-0\" style=\"width: 100%;\"><span style=\"font-weight: bold;\">Raffael Info Art s.r.o.<\/span><br \/>\n\u010cerven\u00fd Kostelec<br \/>\npobo\u010dka Opatov 118<br \/>\n569 12 Opatov<br \/>\nmobil: 607 762 774<br \/>\n<a href=\"kontakt@raffaelart.cz\">kontakt@raffaelart.cz<\/a><br \/>\n<a href=\"http:\/\/www.raffaelart.cz\">www.raffaelart.cz<\/a><br \/>\n<br \/>\nV\u0161eobecn\u00e9 obchodn\u00ed podm\u00ednky naleznete <a href=\"http:\/\/www.raffaelart.cz\/data\/vop.pdf\">zde<\/a>.\n<\/div>\n<div class=\"ra-layout-cell layout-item-0\" style=\"width: 100%;\"><iframe loading=\"lazy\" style=\"border: currentColor;\" src=\"https:\/\/frame.mapy.cz\/s\/bomaveceka\" width=\"400\" height=\"280\" frameborder=\"0\"><\/iframe><\/div>\n<\/div>\n<\/div>\n","protected":false},"excerpt":{"rendered":"<p>Raffael Info Art s.r.o. \u010cerven\u00fd Kostelec pobo\u010dka Opatov 118 569 12 Opatov mobil: 607 762 774 kontakt@raffaelart.cz www.raffaelart.cz V\u0161eobecn\u00e9 obchodn\u00ed podm\u00ednky naleznete zde.<\/p>\n","protected":false},"author":1,"featured_media":0,"parent":0,"menu_order":9,"comment_status":"closed","ping_status":"closed","template":"","meta":[],"_links":{"self":[{"href":"http:\/\/eshop.raffaelart.cz\/index.php\/wp-json\/wp\/v2\/pages\/21"}],"collection":[{"href":"http:\/\/eshop.raffaelart.cz\/index.php\/wp-json\/wp\/v2\/pages"}],"about":[{"href":"http:\/\/eshop.raffaelart.cz\/index.php\/wp-json\/wp\/v2\/types\/page"}],"author":[{"embeddable":true,"href":"http:\/\/eshop.raffaelart.cz\/index.php\/wp-json\/wp\/v2\/users\/1"}],"replies":[{"embeddable":true,"href":"http:\/\/eshop.raffaelart.cz\/index.php\/wp-json\/wp\/v2\/comments?post=21"}],"version-history":[{"count":25,"href":"http:\/\/eshop.raffaelart.cz\/index.php\/wp-json\/wp\/v2\/pages\/21\/revisions"}],"predecessor-version":[{"id":577,"href":"http:\/\/eshop.raffaelart.cz\/index.php\/wp-json\/wp\/v2\/pages\/21\/revisions\/577"}],"wp:attachment":[{"href":"http:\/\/eshop.raffaelart.cz\/index.php\/wp-json\/wp\/v2\/media?parent=21"}],"curies":[{"name":"wp","href":"https:\/\/api.w.org\/{rel}","templated":true}]}}