{"id":18,"date":"2016-08-24T00:28:08","date_gmt":"2016-08-23T22:28:08","guid":{"rendered":"http:\/\/eshop.raffaelart.cz\/index.php\/reference-2\/"},"modified":"2020-06-15T21:52:00","modified_gmt":"2020-06-15T19:52:00","slug":"reference-2","status":"publish","type":"page","link":"http:\/\/eshop.raffaelart.cz\/index.php\/reference-2\/","title":{"rendered":"Reference \u2013 realizace, dod\u00e1vky"},"content":{"rendered":"<div class=\"ra-content-layout\">\n<div class=\"ra-content-layout-row\">\n<div class=\"ra-layout-cell layout-item-0\" style=\"width: 100%;\">\n<p><span style=\"color: #000000;\"><span style=\"font-weight: bold;\">Dod\u00e1vky infosyst\u00e9m\u016f Moedel :<\/span>\u00a0 \u00a0<\/span><\/p>\n<p>Comac Praha,<\/p>\n<p>Decoland s.r.o. Praha,<\/p>\n<p>Gramon Praha,<\/p>\n<p>RH Graf Praha,<\/p>\n<p>Seberg Praha,<\/p>\n<p>Firemet s.r.o. Praha,<\/p>\n<p>Napako v.d. Praha,<\/p>\n<p><span style=\"color: #000000;\">Jennigs Prague s.r.o. Praha,<\/span><\/p>\n<p>Zapp infosyst\u00e9my Sib\u0159ina-Praha V\u00fdchod,<\/p>\n<p>TheLayers Praha,<\/p>\n<p>Sita Praha,<\/p>\n<p>GraPak Brno,<\/p>\n<p>Dost dobr\u00fd design Kladno,<\/p>\n<p>REALplus s.r.o. Brno,<\/p>\n<p>Domov pro seniory V\u011bstonick\u00e1 Brno,<\/p>\n<p>MOK sign s.r.o. Brno,<\/p>\n<p>Marada Slavkov u Brna<\/p>\n<p>Kapara s.r.o. Bu\u010dovice,<\/p>\n<p>CKC Heating s.r.o.\u00a0\u017daro\u0161ice,<\/p>\n<p>Han\u00e1k n\u00e1bytek, a.s. Kojet\u00edn<\/p>\n<p>Kompleta s.r.o. Karlovy Vary,<\/p>\n<p>Leeben Sokolov,<\/p>\n<p>G2 studio Plze\u0148,<\/p>\n<p>ERB production s.r.o.\u00a0Plze\u0148,<\/p>\n<p>Anit CZ, s.r.o. Ostrava,<\/p>\n<p>Davo reklama Ostrava,<\/p>\n<p>Lift servis Karvin\u00e1,<\/p>\n<p>Q studio\u00a0 s.r.o. Uhersk\u00fd Brod,<\/p>\n<p>Quercus\u00a0s.r.o. Zl\u00edn,<\/p>\n<p>Libor Ka\u0161p\u00e1rek Otrokovice,<\/p>\n<p>Albo stola\u0159stv\u00ed Osek nad Be\u010dvou,<\/p>\n<p>X FIRE s.r.o. Hlubok\u00e1 nad Vltavou,<\/p>\n<p>Rudi T\u00e1bor,<\/p>\n<p>Imprima \u0160umperk,<\/p>\n<p>PKS Holding, a.s. \u017d\u010f\u00e1r nad S\u00e1zavou,<\/p>\n<p>Tanabyt \u017dulov\u00e1,<\/p>\n<p>Zimn\u00ed stadion Sv\u011btl\u00e1 nad S\u00e1zavou,<\/p>\n<p>Rezidence \u0160atlava Hradec Kr\u00e1lov\u00e9,<\/p>\n<p>\u010cD energetika Hradec Kr\u00e1lov\u00e9,<\/p>\n<p>\u010ceskomoravsk\u00e9 stavebn\u00ed dru\u017estvo Hradec Kr\u00e1lov\u00e9,<\/p>\n<p>Arton desing Javornice,<\/p>\n<p>\u0164int\u011bra a Chl\u00e1dek Pardubice<\/p>\n<p>Stavona Libchavy,<\/p>\n<p>Stapo \u00dast\u00ed nad Orlic\u00ed,<\/p>\n<p>Sella \u00dast\u00ed nad Orlic\u00ed,<\/p>\n<p>BBcut \u010cesk\u00e1 T\u0159ebov\u00e1,<\/p>\n<p>Rustika Jev\u00ed\u010dko,<\/p>\n<p>Z\u00e1me\u010dek Jev\u00ed\u010dko<\/p>\n<p>Delta reklama Moravsk\u00e1 T\u0159ebov\u00e1,<\/p>\n<p>Obecn\u00ed \u00fa\u0159ad Doln\u00ed \u00dajezd,<\/p>\n<p>M\u011bstsk\u00fd \u00fa\u0159ad Nasavrky,<\/p>\n<p>M\u011bstsk\u00fd \u00fa\u0159ad Lan\u0161kroun,<\/p>\n<p>M\u011bstsk\u00fd \u00fa\u0159ad \u0160t\u00edty,<\/p>\n<p>Gymn\u00e1zium Chot\u011bbo\u0159,<\/p>\n<p>Z\u00e1kladn\u00ed \u0161kola Chot\u011bbo\u0159,<\/p>\n<p>&nbsp;<\/p>\n<p>&nbsp;<\/p>\n<\/div>\n<\/div>\n<\/div>\n","protected":false},"excerpt":{"rendered":"<p>Dod\u00e1vky infosyst\u00e9m\u016f Moedel :\u00a0 \u00a0 Comac Praha, Decoland s.r.o. Praha, Gramon Praha, RH Graf Praha, Seberg Praha, Firemet s.r.o. Praha, Napako v.d. Praha, Jennigs Prague s.r.o. Praha, Zapp infosyst\u00e9my Sib\u0159ina-Praha V\u00fdchod, TheLayers Praha, Sita Praha, GraPak Brno, Dost dobr\u00fd design Kladno, REALplus s.r.o. Brno, Domov pro seniory V\u011bstonick\u00e1 Brno, MOK sign s.r.o. Brno, Marada Slavkov [&hellip;]<\/p>\n","protected":false},"author":1,"featured_media":0,"parent":0,"menu_order":6,"comment_status":"closed","ping_status":"closed","template":"","meta":[],"_links":{"self":[{"href":"http:\/\/eshop.raffaelart.cz\/index.php\/wp-json\/wp\/v2\/pages\/18"}],"collection":[{"href":"http:\/\/eshop.raffaelart.cz\/index.php\/wp-json\/wp\/v2\/pages"}],"about":[{"href":"http:\/\/eshop.raffaelart.cz\/index.php\/wp-json\/wp\/v2\/types\/page"}],"author":[{"embeddable":true,"href":"http:\/\/eshop.raffaelart.cz\/index.php\/wp-json\/wp\/v2\/users\/1"}],"replies":[{"embeddable":true,"href":"http:\/\/eshop.raffaelart.cz\/index.php\/wp-json\/wp\/v2\/comments?post=18"}],"version-history":[{"count":9,"href":"http:\/\/eshop.raffaelart.cz\/index.php\/wp-json\/wp\/v2\/pages\/18\/revisions"}],"predecessor-version":[{"id":579,"href":"http:\/\/eshop.raffaelart.cz\/index.php\/wp-json\/wp\/v2\/pages\/18\/revisions\/579"}],"wp:attachment":[{"href":"http:\/\/eshop.raffaelart.cz\/index.php\/wp-json\/wp\/v2\/media?parent=18"}],"curies":[{"name":"wp","href":"https:\/\/api.w.org\/{rel}","templated":true}]}}