{"id":15,"date":"2016-08-24T00:28:05","date_gmt":"2016-08-23T22:28:05","guid":{"rendered":"http:\/\/eshop.raffaelart.cz\/index.php\/katalog-produktu-2\/informacni-system-moedel\/"},"modified":"2016-08-24T00:28:05","modified_gmt":"2016-08-23T22:28:05","slug":"informacni-system-moedel","status":"publish","type":"page","link":"http:\/\/eshop.raffaelart.cz\/index.php\/informacni-system-moedel\/","title":{"rendered":"Informa\u010dn\u00ed syst\u00e9m Moedel"},"content":{"rendered":"<div class=\"ra-content-layout\">\n<div class=\"ra-content-layout-row\">\n<div class=\"ra-layout-cell layout-item-0\" style=\"width: 100%\" >\n<table>\n<tbody>\n<tr>\n<td style=\"padding-top: 0px; padding-right: 0px; padding-bottom: 0px; padding-left: 0px; \">&nbsp;&nbsp;<a href=\"http:\/\/raffaelart.cz\/berlin.html\" style=\"padding-top: 10px; font-size: 11px; text-decoration: underline; color: rgb(110, 110, 80); background-color: rgb(236, 236, 236); \"><img src=\"http:\/\/raffaelart.cz\/images\/berlin.jpg\" border=\"0\" class=\"\"><\/a><br \/>&nbsp;&nbsp;<a href=\"http:\/\/raffaelart.cz\/berlin.html\" style=\"padding-top: 10px; font-size: 11px; text-decoration: underline; color: rgb(110, 110, 80); background-color: rgb(236, 236, 236); \"><b style=\"padding-top: 1px; padding-right: 1px; padding-bottom: 1px; padding-left: 1px; background-color: rgb(241, 241, 241); \">Berlin<\/b><\/a>&nbsp;<\/td>\n<td style=\"padding-top: 0px; padding-right: 0px; padding-bottom: 0px; padding-left: 0px; \"><\/td>\n<td style=\"padding-top: 0px; padding-right: 0px; padding-bottom: 0px; padding-left: 0px; \">&nbsp;&nbsp;&nbsp;&nbsp;&nbsp;&nbsp;&nbsp;&nbsp;<\/td>\n<td style=\"padding-top: 0px; padding-right: 0px; padding-bottom: 0px; padding-left: 0px; \"><\/td>\n<td style=\"padding-top: 0px; padding-right: 0px; padding-bottom: 0px; padding-left: 0px; \"><a href=\"http:\/\/raffaelart.cz\/frankfurt.html\" style=\"padding-top: 10px; font-size: 11px; text-decoration: underline; color: rgb(110, 110, 80); background-color: rgb(236, 236, 236);  \"><img src=\"http:\/\/raffaelart.cz\/images\/frankfurt.jpg\" border=\"0\" class=\"\"><\/a><br \/><a href=\"http:\/\/raffaelart.cz\/frankfurt.html\" style=\"padding-top: 10px; font-size: 11px; text-decoration: underline; color: rgb(110, 110, 80); background-color: rgb(236, 236, 236);  \"><b style=\"padding-top: 1px; padding-right: 1px; padding-bottom: 1px; padding-left: 1px; background-color: rgb(241, 241, 241);  \">Frankfurt<\/b><\/a>&nbsp;<\/td>\n<td style=\"padding-top: 0px; padding-right: 0px; padding-bottom: 0px; padding-left: 0px; \"><\/td>\n<td style=\"padding-top: 0px; padding-right: 0px; padding-bottom: 0px; padding-left: 0px; \">&nbsp;&nbsp;&nbsp;&nbsp;&nbsp;&nbsp;&nbsp;&nbsp;<\/td>\n<td style=\"padding-top: 0px; padding-right: 0px; padding-bottom: 0px; padding-left: 0px; \"><\/td>\n<td style=\"padding-top: 0px; padding-right: 0px; padding-bottom: 0px; padding-left: 0px; \"><a href=\"http:\/\/raffaelart.cz\/madrid.html\" style=\"padding-top: 10px; font-size: 11px; text-decoration: underline; color: rgb(110, 110, 80); background-color: rgb(236, 236, 236); \"><img src=\"http:\/\/raffaelart.cz\/images\/madrid.jpg\" border=\"0\" class=\"\"><\/a><br \/><a href=\"http:\/\/raffaelart.cz\/madrid.html\" style=\"padding-top: 10px; font-size: 11px; text-decoration: underline; color: rgb(110, 110, 80); background-color: rgb(236, 236, 236);  \"><b style=\"padding-top: 1px; padding-right: 1px; padding-bottom: 1px; padding-left: 1px; background-color: rgb(241, 241, 241);  \">Madrid<\/b><\/a>&nbsp;<\/td>\n<\/tr>\n<tr>\n<td style=\"padding-top: 0px; padding-right: 0px; padding-bottom: 0px; padding-left: 0px; \">&nbsp;&nbsp;<a href=\"http:\/\/raffaelart.cz\/sydney.html\" style=\"padding-top: 10px; font-size: 11px; text-decoration: underline; color: rgb(110, 110, 80); background-color: rgb(236, 236, 236); \"><img src=\"http:\/\/raffaelart.cz\/images\/sydney.jpg\" border=\"0\"><\/a><br \/>&nbsp;&nbsp;<a href=\"http:\/\/raffaelart.cz\/sydney.html\" style=\"padding-top: 10px; font-size: 11px; text-decoration: underline; color: rgb(110, 110, 80); background-color: rgb(236, 236, 236); \"><b style=\"padding-top: 1px; padding-right: 1px; padding-bottom: 1px; padding-left: 1px; background-color: rgb(241, 241, 241); \">Sydney<\/b><\/a>&nbsp;<\/td>\n<td style=\"padding-top: 0px; padding-right: 0px; padding-bottom: 0px; padding-left: 0px; \"><\/td>\n<td style=\"padding-top: 0px; padding-right: 0px; padding-bottom: 0px; padding-left: 0px; \">&nbsp;&nbsp;&nbsp;&nbsp;&nbsp;&nbsp;&nbsp;&nbsp;<\/td>\n<td style=\"padding-top: 0px; padding-right: 0px; padding-bottom: 0px; padding-left: 0px; \"><\/td>\n<td style=\"padding-top: 0px; padding-right: 0px; padding-bottom: 0px; padding-left: 0px; \"><a href=\"http:\/\/raffaelart.cz\/galerie.html\" style=\"padding-top: 10px; font-size: 11px; text-decoration: underline; color: rgb(110, 110, 80); background-color: rgb(236, 236, 236); \"><img src=\"http:\/\/raffaelart.cz\/images\/galerie.jpg\" border=\"0\" class=\"\"><\/a><br \/><a href=\"http:\/\/raffaelart.cz\/galerie.html\" style=\"padding-top: 10px; font-size: 11px; text-decoration: underline; color: rgb(110, 110, 80); background-color: rgb(236, 236, 236); \"><b style=\"padding-top: 1px; padding-right: 1px; padding-bottom: 1px; padding-left: 1px; background-color: rgb(241, 241, 241); \">Galerie<\/b><\/a>&nbsp;<\/td>\n<td style=\"padding-top: 0px; padding-right: 0px; padding-bottom: 0px; padding-left: 0px; \"><\/td>\n<td style=\"padding-top: 0px; padding-right: 0px; padding-bottom: 0px; padding-left: 0px; \">&nbsp;&nbsp;&nbsp;&nbsp;&nbsp;&nbsp;&nbsp;&nbsp;<\/td>\n<td style=\"padding-top: 0px; padding-right: 0px; padding-bottom: 0px; padding-left: 0px; \"><\/td>\n<td style=\"padding-top: 0px; padding-right: 0px; padding-bottom: 0px; padding-left: 0px; \"><a href=\"http:\/\/raffaelart.cz\/clip-trick.html\" style=\"padding-top: 10px; font-size: 11px; text-decoration: underline; color: rgb(110, 110, 80); background-color: rgb(236, 236, 236); \"><img src=\"http:\/\/raffaelart.cz\/images\/clip-trick.jpg\" border=\"0\" class=\"\"><\/a><br \/><a href=\"http:\/\/raffaelart.cz\/clip-trick.html\" style=\"padding-top: 10px; font-size: 11px; text-decoration: underline; color: rgb(110, 110, 80); background-color: rgb(236, 236, 236); \"><b style=\"padding-top: 1px; padding-right: 1px; padding-bottom: 1px; padding-left: 1px; background-color: rgb(241, 241, 241); \">Clip &#8211; Trick<\/b><\/a>&nbsp;<\/td>\n<\/tr>\n<tr>\n<td style=\"padding-top: 0px; padding-right: 0px; padding-bottom: 0px; padding-left: 0px; \">&nbsp;&nbsp;<a href=\"http:\/\/raffaelart.cz\/maxi-mini.html\" style=\"padding-top: 10px; font-size: 11px; text-decoration: underline; color: rgb(110, 110, 80); background-color: rgb(236, 236, 236); \"><img src=\"http:\/\/raffaelart.cz\/images\/maxi-mini.jpg\" border=\"0\"><\/a><br \/>&nbsp;&nbsp;<a href=\"http:\/\/raffaelart.cz\/maxi-mini.html\" style=\"padding-top: 10px; font-size: 11px; text-decoration: underline; color: rgb(110, 110, 80); background-color: rgb(236, 236, 236); \"><b style=\"padding-top: 1px; padding-right: 1px; padding-bottom: 1px; padding-left: 1px; background-color: rgb(241, 241, 241); \">Maxi-Mini<\/b><\/a>&nbsp;<\/td>\n<td style=\"padding-top: 0px; padding-right: 0px; padding-bottom: 0px; padding-left: 0px; \"><\/td>\n<td style=\"padding-top: 0px; padding-right: 0px; padding-bottom: 0px; padding-left: 0px; \">&nbsp;&nbsp;&nbsp;&nbsp;&nbsp;&nbsp;&nbsp;&nbsp;<\/td>\n<td style=\"padding-top: 0px; padding-right: 0px; padding-bottom: 0px; padding-left: 0px; \"><\/td>\n<td style=\"padding-top: 0px; padding-right: 0px; padding-bottom: 0px; padding-left: 0px; \"><a href=\"http:\/\/raffaelart.cz\/skrine.html\" style=\"padding-top: 10px; font-size: 11px; text-decoration: underline; color: rgb(110, 110, 80); background-color: rgb(236, 236, 236); \"><img src=\"http:\/\/raffaelart.cz\/images\/skrine.jpg\" border=\"0\"><\/a><br \/><a href=\"http:\/\/raffaelart.cz\/skrine.html\" style=\"padding-top: 10px; font-size: 11px; text-decoration: underline; color: rgb(110, 110, 80); background-color: rgb(236, 236, 236); \"><b style=\"padding-top: 1px; padding-right: 1px; padding-bottom: 1px; padding-left: 1px; background-color: rgb(241, 241, 241); \">Sk\u0159\u00ed\u0148ky<\/b><\/a>&nbsp;<\/td>\n<td style=\"padding-top: 0px; padding-right: 0px; padding-bottom: 0px; padding-left: 0px; \"><\/td>\n<td style=\"padding-top: 0px; padding-right: 0px; padding-bottom: 0px; padding-left: 0px; \">&nbsp;&nbsp;&nbsp;&nbsp;&nbsp;&nbsp;&nbsp;&nbsp;<\/td>\n<td style=\"padding-top: 0px; padding-right: 0px; padding-bottom: 0px; padding-left: 0px; \"><\/td>\n<td style=\"padding-top: 0px; padding-right: 0px; padding-bottom: 0px; padding-left: 0px; \"><a href=\"http:\/\/raffaelart.cz\/uchyty.html\" style=\"padding-top: 10px; font-size: 11px; text-decoration: underline; color: rgb(110, 110, 80); background-color: rgb(236, 236, 236); \"><img src=\"http:\/\/raffaelart.cz\/images\/uchyty.jpg\" border=\"0\"><\/a><br \/><a href=\"http:\/\/raffaelart.cz\/uchyty.html\" style=\"padding-top: 10px; font-size: 11px; text-decoration: underline; color: rgb(110, 110, 80); background-color: rgb(236, 236, 236); \"><b style=\"padding-top: 1px; padding-right: 1px; padding-bottom: 1px; padding-left: 1px; background-color: rgb(241, 241, 241); \">Vymezovac\u00ed \u00fachyty<\/b><\/a>&nbsp;<\/td>\n<\/tr>\n<\/tbody>\n<\/table>\n<p><\/p>\n<p><\/p>\n<p><\/p>\n<p><\/p>\n<p><\/p>\n<\/p><\/div>\n<\/p><\/div>\n<\/div>\n","protected":false},"excerpt":{"rendered":"<p>&nbsp;&nbsp;&nbsp;&nbsp;Berlin&nbsp; &nbsp;&nbsp;&nbsp;&nbsp;&nbsp;&nbsp;&nbsp;&nbsp; Frankfurt&nbsp; &nbsp;&nbsp;&nbsp;&nbsp;&nbsp;&nbsp;&nbsp;&nbsp; Madrid&nbsp; &nbsp;&nbsp;&nbsp;&nbsp;Sydney&nbsp; &nbsp;&nbsp;&nbsp;&nbsp;&nbsp;&nbsp;&nbsp;&nbsp; Galerie&nbsp; &nbsp;&nbsp;&nbsp;&nbsp;&nbsp;&nbsp;&nbsp;&nbsp; Clip &#8211; Trick&nbsp; &nbsp;&nbsp;&nbsp;&nbsp;Maxi-Mini&nbsp; &nbsp;&nbsp;&nbsp;&nbsp;&nbsp;&nbsp;&nbsp;&nbsp; Sk\u0159\u00ed\u0148ky&nbsp; &nbsp;&nbsp;&nbsp;&nbsp;&nbsp;&nbsp;&nbsp;&nbsp; Vymezovac\u00ed \u00fachyty&nbsp;<\/p>\n","protected":false},"author":1,"featured_media":0,"parent":0,"menu_order":3,"comment_status":"closed","ping_status":"closed","template":"","meta":[],"_links":{"self":[{"href":"http:\/\/eshop.raffaelart.cz\/index.php\/wp-json\/wp\/v2\/pages\/15"}],"collection":[{"href":"http:\/\/eshop.raffaelart.cz\/index.php\/wp-json\/wp\/v2\/pages"}],"about":[{"href":"http:\/\/eshop.raffaelart.cz\/index.php\/wp-json\/wp\/v2\/types\/page"}],"author":[{"embeddable":true,"href":"http:\/\/eshop.raffaelart.cz\/index.php\/wp-json\/wp\/v2\/users\/1"}],"replies":[{"embeddable":true,"href":"http:\/\/eshop.raffaelart.cz\/index.php\/wp-json\/wp\/v2\/comments?post=15"}],"version-history":[{"count":0,"href":"http:\/\/eshop.raffaelart.cz\/index.php\/wp-json\/wp\/v2\/pages\/15\/revisions"}],"wp:attachment":[{"href":"http:\/\/eshop.raffaelart.cz\/index.php\/wp-json\/wp\/v2\/media?parent=15"}],"curies":[{"name":"wp","href":"https:\/\/api.w.org\/{rel}","templated":true}]}}